{"id":29753,"date":"2022-04-26T11:18:49","date_gmt":"2022-04-26T09:18:49","guid":{"rendered":"https:\/\/www4.macwin.ch\/?page_id=29753"},"modified":"2025-05-30T07:03:27","modified_gmt":"2025-05-30T05:03:27","slug":"webseite-erstellen","status":"publish","type":"page","link":"https:\/\/www.macwin.ch\/de\/unsere-it-und-web-dienstleistungen\/webseite-erstellen\/","title":{"rendered":"Webseite erstellen"},"content":{"rendered":"<!--themify_builder_content-->\n<div id=\"themify_builder_content-29753\" data-postid=\"29753\" class=\"themify_builder_content themify_builder_content-29753 themify_builder tf_clear\">\n                    <div  data-lazy=\"1\" class=\"module_row themify_builder_row tb_epya212 tb_first tf_w\">\n                        <div class=\"row_inner col_align_top tb_col_count_1 tf_box tf_rel\">\n                        <div  data-lazy=\"1\" class=\"module_column tb-column col-full tb_ttgb213 first\">\n                    <!-- module fancy heading -->\n<div  class=\"module module-fancy-heading tb_nsrt5  tb_gs29013622\" data-lazy=\"1\">\n        <h1 class=\"fancy-heading tf_textc\">\n    <span class=\"main-head tf_block\">\n                    Webseite erstellen            <\/span>\n\n    \n    <span class=\"sub-head tf_block tf_rel\">\n                    macwin.ch            <\/span>\n    <\/h1>\n<\/div>\n<!-- \/module fancy heading -->\n        <\/div>\n                        <\/div>\n        <\/div>\n                        <div  data-lazy=\"1\" class=\"module_row themify_builder_row tb_dbp9489 tf_w\">\n                        <div class=\"row_inner col_align_top tb_col_count_1 tf_box tf_rel\">\n                        <div  data-lazy=\"1\" class=\"module_column tb-column col-full tb_xvz0490 first\">\n                    <!-- module image -->\n<div  class=\"module module-image tb_n7nw485 image-center   tf_mw\" data-lazy=\"1\">\n        <div class=\"image-wrap tf_rel tf_mw\">\n            <img loading=\"lazy\" decoding=\"async\" src=\"https:\/\/www.macwin.ch\/wp-content\/uploads\/2022\/04\/Webseite-erstellen-und-hosten-Online-Shop-800x400.jpg\" width=\"800\" height=\"400\" class=\"wp-post-image wp-image-29756\" title=\"Webseite-erstellen-und-hosten-Online-Shop\" alt=\"Webseite-erstellen-und-hosten-Online-Shop\">    \n        <\/div>\n    <!-- \/image-wrap -->\n    \n        <\/div>\n<!-- \/module image -->        <\/div>\n                        <\/div>\n        <\/div>\n                        <div  data-lazy=\"1\" class=\"module_row themify_builder_row tb_gs29023622 tb_cbyr920 tf_w\">\n                        <div class=\"row_inner col_align_top tb_col_count_1 tf_box tf_rel\">\n                        <div  data-lazy=\"1\" class=\"module_column tb-column col-full tb_l9sg921 first\">\n                    <!-- module text -->\n<div  class=\"module module-text tb_pg5t602   \" data-lazy=\"1\">\n        <div  class=\"tb_text_wrap\">\n        <h2>Sie m\u00f6chten Ihre Produkte und\/oder Dienstleistungen im Internet bewerben?<\/h2>\n<p>Wir bieten Ihnen die <b>Erstellung<\/b> <b>personalisierter<\/b> <b>Websites<\/b>, die Sie im Internet sichtbar machen.<\/p>\n<p>Es ist ein Bild von Professionalit\u00e4t und Seriosit\u00e4t, das wir zur\u00fccksenden. Jedes Unternehmen muss eine E-Mail-Adresse mit einem eigenen Dom\u00e4nennamen haben.<\/p>\n<p>Wir k\u00fcmmern uns um das Hosting der Domain, die <b>Erstellung<\/b> <b>Ihrer<\/b> <b>Website<\/b>, die Bewerbung im Internet und die Bewerbung in sozialen Netzwerken.<\/p>\n<p>Wir bauen <a href=\"https:\/\/systeme.io\/de?sa=sa0003916207af2ace0b94840e8234eec26ba6831e80\" target=\"_blank\" rel=\"noopener\"><b>WordPress, WooCommerce, Shopify, Learnybox, Podia<\/b><\/a> und viele andere Systeme.<\/p>\n<p>Wir haben gro\u00dfe Datenserver, um Ihre <b>Website<\/b> zu <b>hosten<\/b>.<\/p>\n<p>Wir <b>hosten Ihren Domainnamen, Ihre Website, Ihren Shop und Ihre E-Mail-Adressen auf sicheren Servern in der Schweiz<\/b>.<\/p>\n<p>Wir k\u00fcmmern uns auch um die nat\u00fcrliche <b>SEO-Referenzierung<\/b> Ihrer Website und\/oder Ihres Internetshops.<\/p>\n<p>Es geht eindeutig um die Seriosit\u00e4t des Unternehmens gegen\u00fcber seinen Kunden. Alle bestehenden Unternehmen m\u00fcssen mindestens eine E-Mail-Adresse haben, die mit ihrem Domainnamen verkn\u00fcpft ist.<\/p>\n<p>Die M\u00f6glichkeiten von Domainnamen finden Sie auf <a href=\"\/de\/unsere-it-und-web-dienstleistungen\/web-hosting\/\">unserer Webhosting-Seite<\/a>.<\/p>\n<p>Wir erstellen auch Online-Schulungen, die Sie auf unserer <a href=\"\/de\/unsere-it-und-web-dienstleistungen\/erstellung-von-online-schulungen\/\">Online-Schulungsseite<\/a> finden.<\/p>\n<p>Um Ihre Produkte und\/oder Ihre Dienstleistungen live zu pr\u00e4sentieren, bieten wir <a href=\"\/de\/unsere-it-und-web-dienstleistungen\/online-konferenzen-mit-zoom\/\">Online-Konferenzen<\/a> an.<\/p>    <\/div>\n<\/div>\n<!-- \/module text --><!-- module text -->\n<div  class=\"module module-text tb_fwnm182   \" data-lazy=\"1\">\n        <div  class=\"tb_text_wrap\">\n        <h3>Hier sind unsere Dienstleistungen f\u00fcr Webseite Erstellung:<\/h3>    <\/div>\n<\/div>\n<!-- \/module text --><!-- module text -->\n<div  class=\"module module-text tb_qnr7392 checklist  \" data-lazy=\"1\">\n        <div  class=\"tb_text_wrap\">\n        <ul>\n<li><a href=\"\/de\/unsere-it-und-web-dienstleistungen\/web-hosting\/\">Hosting von Domainnamen<\/a><\/li>\n<li><a href=\"\/de\/unsere-it-und-web-dienstleistungen\/web-hosting\/\">Websitehosting<\/a><\/li>\n<li><a href=\"\/de\/unsere-it-und-web-dienstleistungen\/web-hosting\/\">Hosting von Online-Shops<\/a><\/li>\n<li><a href=\"\/de\/unsere-it-und-web-dienstleistungen\/web-hosting\/\">Hosting von E-Mail-Adressen<\/a><\/li>\n<li><a href=\"\/de\/unsere-it-und-web-dienstleistungen\/webseite-erstellen\/\"><strong>Erstellung von Webseiten<\/strong><\/a><\/li>\n<li><a href=\"\/de\/unsere-it-und-web-dienstleistungen\/webseite-erstellen\/\">Erstellung von Onlineshops<\/a><\/li>\n<li>Erstellung von Warenk\u00f6rben<\/li>\n<li>Produktaktualisierung<\/li>\n<li>Benutzer-Support<\/li>\n<li>Verwaltung von Affiliate-Provisionen<\/li>\n<li>Monatliche Verkaufsabrechnungen<\/li>\n<li>Monatliche Provisionszahlungen<\/li>\n<li>Erstellung von Facebook-Seiten<\/li>\n<li>Erstellung von Youtube-Seiten<\/li>\n<li>Erstellung von Instagram-Seiten<\/li>\n<li>Erstellung von LinkedIn-Seiten<\/li>\n<li><a href=\"\/de\/newsletter\/\">Newsletter-Verwaltung<\/a><\/li>\n<li><a href=\"\/de\/blog\/\">Blogverwaltung<\/a><\/li>\n<li>SEO-Referenzierung<\/li>\n<li>\u00dcberwachung Ihrer Domain<\/li>\n<\/ul>    <\/div>\n<\/div>\n<!-- \/module text --><!-- module template_part -->\n<div  class=\"module module-layout-part tb_uyr2608 \">\n    <\/div>\n<!-- \/module template_part -->        <\/div>\n                        <\/div>\n        <\/div>\n        <\/div>\n<!--\/themify_builder_content-->\r\n<p><\/p>\r\n<p>&nbsp;<\/p>","protected":false},"excerpt":{"rendered":"<p>&nbsp;<\/p>\n","protected":false},"author":3,"featured_media":0,"parent":29641,"menu_order":0,"comment_status":"closed","ping_status":"closed","template":"","meta":{"inline_featured_image":false,"footnotes":""},"class_list":["post-29753","page","type-page","status-publish","hentry","has-post-title","has-post-date","has-post-category","has-post-tag","has-post-comment","has-post-author",""],"_links":{"self":[{"href":"https:\/\/www.macwin.ch\/de\/wp-json\/wp\/v2\/pages\/29753","targetHints":{"allow":["GET"]}}],"collection":[{"href":"https:\/\/www.macwin.ch\/de\/wp-json\/wp\/v2\/pages"}],"about":[{"href":"https:\/\/www.macwin.ch\/de\/wp-json\/wp\/v2\/types\/page"}],"author":[{"embeddable":true,"href":"https:\/\/www.macwin.ch\/de\/wp-json\/wp\/v2\/users\/3"}],"replies":[{"embeddable":true,"href":"https:\/\/www.macwin.ch\/de\/wp-json\/wp\/v2\/comments?post=29753"}],"version-history":[{"count":15,"href":"https:\/\/www.macwin.ch\/de\/wp-json\/wp\/v2\/pages\/29753\/revisions"}],"predecessor-version":[{"id":31174,"href":"https:\/\/www.macwin.ch\/de\/wp-json\/wp\/v2\/pages\/29753\/revisions\/31174"}],"up":[{"embeddable":true,"href":"https:\/\/www.macwin.ch\/de\/wp-json\/wp\/v2\/pages\/29641"}],"wp:attachment":[{"href":"https:\/\/www.macwin.ch\/de\/wp-json\/wp\/v2\/media?parent=29753"}],"curies":[{"name":"wp","href":"https:\/\/api.w.org\/{rel}","templated":true}]}}