{"id":29748,"date":"2022-04-26T11:09:43","date_gmt":"2022-04-26T09:09:43","guid":{"rendered":"https:\/\/www4.macwin.ch\/?page_id=29748"},"modified":"2023-09-03T12:20:47","modified_gmt":"2023-09-03T10:20:47","slug":"allgemeine-geschaeftsbedingungen","status":"publish","type":"page","link":"https:\/\/www.macwin.ch\/de\/allgemeine-geschaeftsbedingungen\/","title":{"rendered":"Allgemeine Gesch\u00e4ftsbedingungen"},"content":{"rendered":"<h1>Allgemeine Gesch\u00e4ftsbedingungen &#8211; macwin.ch<\/h1>\n<h2><b>1. GEGENSTAND<\/b><\/h2>\n<p><b>1.1.<\/b><span style=\"font-weight: 400;\"> Diese AGB regeln die vertraglichen Beziehungen zwischen dem Kunden und der Macwin GmbH (nachfolgend Macwin) und sind integrierender Vertragsbestandteil s\u00e4mtlicher Vertragsbeziehungen zwischen Macwin und dem Kunden.<\/span><\/p>\n<p><b>1.2.<\/b><span style=\"font-weight: 400;\"> Andere AGBs, auf die der Kunde namentlich in Auftr\u00e4gen verweist, sind nur dann g\u00fcltig, wenn sie von Macwin ausdr\u00fccklich schriftlich akzeptiert wurden.<\/span><\/p>\n<p><b>1.3.<\/b><span style=\"font-weight: 400;\"> Vorliegende AGB annullieren und ersetzen s\u00e4mtliche bisherigen AGB zwischen den Parteien.<\/span><\/p>\n<p><b>1.4.<\/b><span style=\"font-weight: 400;\"> Macwin beh\u00e4lt sich das Recht vor, die vorliegenden AGB jederzeit und ohne Vorank\u00fcndigung durch Ver\u00f6ffentlichung auf der Internetseite <\/span><a href=\"https:\/\/www.macwin.ch\/\"><span style=\"font-weight: 400;\">www.macwin.ch<\/span><\/a><span style=\"font-weight: 400;\"> abzu\u00e4ndern. Die abge\u00e4nderten AGB treten ab Ver\u00f6ffentlichung in Kraft.<\/span><\/p>\n<h2><b>2. LEISTUNGEN VON MACWIN<\/b><\/h2>\n<p><b>2.1.<\/b><span style=\"font-weight: 400;\"> Macwin bietet seinen Kunden Dienstleistungen und Produkte in den Bereichen Computer, Internet, Verkauf von Mac- und Windows-Hardware, Computerwartung, Fernwartung, Computersicherheit, Datensicherung, Datenrettung, Webhosting, Website-Erstellung, E-Learning, Online-Konferenzen. Macwin erbringt seine Leistungen professionell und p\u00fcnktlich gem\u00e4\u00df den in den Einzelvertr\u00e4gen festgelegten Bedingungen und Spezifikationen.<\/span><\/p>\n<p><b>2.2.<\/b><span style=\"font-weight: 400;\"> Macwin beh\u00e4lt sich das Recht vor zur Erf\u00fcllung ihrer vertraglichen Verpflichtungen Dritte beiziehen.<\/span><\/p>\n<p><b>2.3.<\/b><span style=\"font-weight: 400;\"> Verkauf<\/span><\/p>\n<p><b>2.3.1.<\/b><span style=\"font-weight: 400;\"> Die Bereitstellung und die \u00dcbertragung der Ger\u00e4te erfolgen am Hauptsitz von Macwin. Nutzen und Gefahr der Ger\u00e4te gehen mit dem Abschluss des Vertrages auf den Kunden \u00fcber. Das Eigentum geht erst mit vollst\u00e4ndiger Bezahlung des Kaufpreises auf den Kunden \u00fcber.<\/span><\/p>\n<p><b>2.3.2.<\/b><span style=\"font-weight: 400;\"> Die Verkaufspreise verstehen sich inklusiv Steuern, jedoch exklusiv Lieferkosten (Transport- und Versandkosten). Die Lieferung und die Installation beim Kunden vor Ort werden auf der Basis der aktuellen Preise separat verrechnet.<\/span><\/p>\n<p><b>2.4.<\/b><span style=\"font-weight: 400;\"> Internet<\/span><\/p>\n<p><b>2.4.1.<\/b><span style=\"font-weight: 400;\"> Kunden sind juristische oder nat\u00fcrliche Personen, welche die Internet-Dienste von Macwin im Rahmen eines Servicevertrages mit Macwin benutzen.<\/span><\/p>\n<p><b>2.4.2.<\/b><span style=\"font-weight: 400;\"> Macwin unterst\u00fctzt den Kunden, um ihm eine st\u00f6rungsfreie Nutzung der Internet-Dienste zu gew\u00e4hren. Falls diese Unterst\u00fctzung einen un\u00fcblichen Aufwand erfordert oder die St\u00f6rung auf eine Fehlmanipulation des Kunden oder eine Fehlfunktion der Ger\u00e4te des Kunden zur\u00fcckzuf\u00fchren ist, verrechnet Macwin ihre Leistungen nach den aktuellen Tarifen.<\/span><\/p>\n<p><b>2.5.<\/b><span style=\"font-weight: 400;\"> Gesicherte und verschl\u00fcsselte Speicherung von Daten in der Schweiz \u00fcber Internet<\/span><\/p>\n<p><b>2.5.1.<\/b><span style=\"font-weight: 400;\"> Macwin erm\u00f6glicht seinen Kunden Daten gesichert und verschl\u00fcsselt (AES 256 bits) in der Schweiz \u00fcber Internet zu speichern.<\/span><\/p>\n<p><b>2.5.2.<\/b><span style=\"font-weight: 400;\"> Macwin verf\u00fcgt \u00fcber Backup-Servers (Mac oder Windows), mit denen die Speicherung s\u00e4mtlicher an diesem System angeschlossenen Ger\u00e4te verwaltet wird.<\/span><\/p>\n<p><b>2.5.3.<\/b><span style=\"font-weight: 400;\"> Macwin kann die angeschlossenen Ger\u00e4te jederzeit per Fernwartung auf ihre Funktionst\u00fcchtigkeit \u00fcberpr\u00fcfen.<\/span><\/p>\n<p><b>2.5.4.<\/b><span style=\"font-weight: 400;\"> Die Wiederherstellung der Daten, sowie die Wartungsarbeiten, werden von Macwin durchgef\u00fchrt und dem Kunden zu den aktuellen Preisen in Rechnung gestellt.<\/span><\/p>\n<p><b>2.5.5.<\/b><span style=\"font-weight: 400;\"> Der Kunde ist dar\u00fcber informiert und akzeptiert, dass die von Macwin f\u00fcr die Speicherung von Daten genutzten Server einem Dritten (Dienstanbieter) geh\u00f6ren k\u00f6nnen und sich ausserhalb der R\u00e4umlichkeiten von Macwin befinden k\u00f6nnen.<\/span><\/p>\n<p><b>2.5.6.<\/b><span style=\"font-weight: 400;\"> Die Leistungen werden nach Gr\u00f6sse des ben\u00fctzten Datenvolumens zu Teilmengen von je 1 TB in Rechnung gestellt.<\/span><\/p>\n<p><b>2.5.7.<\/b><span style=\"font-weight: 400;\"> Der Kunde ist verantwortlich, f\u00fcr seine Software welche eine SQL-Datenbank verwendet, dass einen t\u00e4glichen vollst\u00e4ndigen Export (Dump) in ein lokales Verzeichnis auf der Festplatte durchgef\u00fchrt wird. Dieser Dump muss eine komplette Neuinstallation der Software mit Import der Daten erm\u00f6glichen.<\/span><\/p>\n<h2><b>3. VERPFLICHTUNGEN DES KUNDEN<\/b><\/h2>\n<p><b>3.1.<\/b><span style=\"font-weight: 400;\"> Der Kunde ist zur Bezahlung der in den Einzelvertr\u00e4gen und vorliegenden AGB festgesetzten Verg\u00fctungen unter Wahrung der Zahlungsfristen gem\u00e4ss Ziff. 9.1 verpflichtet.<\/span><\/p>\n<p><b>3.2.<\/b><span style=\"font-weight: 400;\"> Der Kunde hat Macwin beim Erbringen ihrer vertraglichen Leistungen insoweit zumutbar aktiv und zeitgerecht zu unterst\u00fctzen; er ist zudem verpflichtet die n\u00f6tigen Vorbereitungs- und Bereitstellungshandlungen vorzunehmen.<\/span><\/p>\n<p><b>3.3.<\/b><span style=\"font-weight: 400;\"> Der Kunde verpflichtet sich, Weisungen klar, sachgerecht und auf Verlangen von Macwin schriftlich zu erteilen. Macwin muss unsachgem\u00e4sse Weisungen nicht befolgen. F\u00fchren Weisungen f\u00fcr Macwin zu zus\u00e4tzlichen Arbeitsleitungen oder Mehrkosten, so werden sie dem Kunden nach den geltenden Tarifen weiterverrechnet.<\/span><\/p>\n<p><b>3.4.<\/b><span style=\"font-weight: 400;\"> Kauf<\/span><\/p>\n<p><b>3.4.1.<\/b><span style=\"font-weight: 400;\"> Beanstandungen wegen unvollst\u00e4ndiger Lieferung m\u00fcssen sp\u00e4testens innert 5 Tagen nach Erhalt der Ware Macwin schriftlich angezeigt werden.<\/span><\/p>\n<p><b>3.4.2.<\/b><span style=\"font-weight: 400;\"> Macwin nimmt keinesfalls Software oder Betriebssysteme zur\u00fcck und keine R\u00fcckzahlung wird dem Kunden gemacht.<\/span><\/p>\n<p><b>3.4.3.<\/b><span style=\"font-weight: 400;\"> Bestellungen gegen\u00fcber Macwin gelten allesamt als endg\u00fcltig und k\u00f6nnen vom Kunden nicht r\u00fcckg\u00e4ngig gemacht werden.<\/span><\/p>\n<p><b>3.5.<\/b><span style=\"font-weight: 400;\"> Internet<\/span><\/p>\n<p><b>3.5.1.<\/b><span style=\"font-weight: 400;\"> Der Kunde verpflichtet sich, Macwin umgehend \u00fcber Fehler, St\u00f6rungen und Unm\u00f6glichkeit der Benutzung der Internetdienstleistungen und -Installationen zu informieren.<\/span><\/p>\n<p><b>3.5.2.<\/b><span style=\"font-weight: 400;\"> Der Kunde verpflichtet sich, die geltenden kantonalen und eidgen\u00f6ssischen Bestimmungen, insbesondere bez\u00fcglich Datenschutz, Fernmelderecht und Urheberrecht zu beachten.<\/span><\/p>\n<p><b>3.5.3.<\/b><span style=\"font-weight: 400;\"> Der Kunde garantiert, dass die Internetdienste von Macwin nicht zu folgenden Zwecken genutzt werden:<\/span><\/p>\n<p><b>a)<\/b><span style=\"font-weight: 400;\"> beleidigend, diffamierend, verleumderisch oder in sonstiger Weise gegen die Ehre oder den Ruf Dritter versto\u00dfen;<\/span><\/p>\n<p><b>b)<\/b><span style=\"font-weight: 400;\"> rassistisch, fremdenfeindlich, revisionistisch oder den Holocaust leugnend;<\/span><\/p>\n<p><b>c)<\/b><span style=\"font-weight: 400;\"> obsz\u00f6n, pornografisch, p\u00e4dophil, beleidigend oder anderweitig gegen die guten Sitten versto\u00dfen;<\/span><\/p>\n<p><b>d)<\/b><span style=\"font-weight: 400;\"> in irgendeiner Weise die Rechte anderer Personen verletzen, insbesondere das Recht auf Privatsph\u00e4re, das Recht am eigenen Bild, das Recht auf den eigenen Namen, das Recht auf Menschenw\u00fcrde und den Schutz von Kindern und Jugendlichen;<\/span><\/p>\n<p><b>e)<\/b><span style=\"font-weight: 400;\"> die Rechte am geistigen Eigentum anderer verletzen, insbesondere Markenrechte, Urheberrechte (Bilder, T\u00f6ne, Texte, Fotografien, Software usw.) sowie die Rechte der aus\u00fcbenden K\u00fcnstler, der Hersteller von Ton- und Bildtr\u00e4gern und der Sendeunternehmen;<\/span><\/p>\n<p><b>f)<\/b><span style=\"font-weight: 400;\"> zu Diskriminierung, Hass, Gewalt, Verbrechen oder Vergehen oder zum Konsum illegaler Substanzen aufruft;<\/span><\/p>\n<p><b>g)<\/b><span style=\"font-weight: 400;\"> Werbung, Propaganda oder Proselytismus darstellen; oder<\/span><\/p>\n<p><b>h)<\/b><span style=\"font-weight: 400;\"> in irgendeiner Weise gegen die geltenden Gesetze und Vorschriften verst\u00f6\u00dft.<\/span><\/p>\n<p><b>3.5.4.<\/b><span style=\"font-weight: 400;\"> Dar\u00fcber hinaus verpflichtet sich der Kunde, keine Nachrichten zu \u00fcbermitteln, die Viren oder andere Programme enthalten, die Macwin oder Dritten Schaden zuf\u00fcgen k\u00f6nnten.<\/span><\/p>\n<p><b>3.5.5.<\/b><span style=\"font-weight: 400;\"> Schlie\u00dflich verpflichtet sich der Kunde, keine \u00dcberlastung des Servers zu erzeugen, auf dem die Macwin-Site gehostet wird, insbesondere durch die Verwendung dieser Site zum Versenden von E-Mails, insbesondere unerw\u00fcnschter Werbung.<\/span><\/p>\n<p><b>3.6.<\/b><span style=\"font-weight: 400;\"> Datensicherung<\/span><\/p>\n<p><b>3.6.1.<\/b><span style=\"font-weight: 400;\"> Der Kunde verpflichtet sich, zu \u00fcberpr\u00fcfen, dass die in seinen R\u00e4umlichkeiten befindlichen Ger\u00e4te zur Datensicherung stets in Betrieb sind.<\/span><\/p>\n<h2><b>4. INFORMATIONSPFLICHTEN<\/b><\/h2>\n<p><b>4.1.<\/b><span style=\"font-weight: 400;\"> Die Parteien informieren sich gegenseitig \u00fcber Entwicklungen, Vorf\u00e4lle und Erkenntnisse, die f\u00fcr die Erf\u00fcllung der einzelvertraglichen Pflichten oder vertraglichen Gesamtbeziehungen von Bedeutung sein k\u00f6nnten.<\/span><\/p>\n<p><b>4.2.<\/b><span style=\"font-weight: 400;\"> Insbesondere verpflichtet sich der Kunden Macwin unverz\u00fcglich zu informieren, falls die Dienste von Macwin durch Mitarbeiter des Kunde oder von Dritten, welche er eingef\u00fchrt hat, oder anderen unbefugten Dritten (z.B. Hackern) zu illegalen Zwecken oder in Verletzung der vertraglichen Bestimmungen, namentlich der AGB, benutzt wird.<\/span><\/p>\n<h2><b>5. GEHEIMHALTUNG<\/b><\/h2>\n<p><b>5.1.<\/b><span style=\"font-weight: 400;\"> Die Vertragsparteien behandeln alle Informationen vertraulich, die weder allgemein zug\u00e4nglich sind noch ver\u00f6ffentlicht wurden. Macwin verpflichtet sich insbesondere Dritten keinerlei Ausk\u00fcnfte \u00fcber die Leistungen des Kunden zu erteilen, es sei denn, sie sei hierzu ausdr\u00fccklich erm\u00e4chtigt worden.<\/span><\/p>\n<p><b>5.2.<\/b><span style=\"font-weight: 400;\"> Der Kunde erm\u00e4chtigt Macwin Informationen bez\u00fcglich seiner Verbindung \u00fcber das Internet oder seiner verantwortlichen Kontaktpersonen etc. an Dritte weiterzuleiten, soweit dies f\u00fcr die Erf\u00fcllung und Koordinierung der vertraglichen Pflichten durch Macwin notwendig ist.<\/span><\/p>\n<h2><b>6. EIGENTUMS-, SCHUTZ- UND NUTZUNGSRECHTE<\/b><\/h2>\n<p><b>6.1.<\/b><span style=\"font-weight: 400;\"> Soweit nicht ausdr\u00fccklich schriftlich vertraglich vereinbart gehen innerhalb der Vertragsbeziehung keine Eigentumsrechte \u00fcber. Insbesondere verbleiben Software und Ger\u00e4te, welche dem Internet-Kunden von Macwin f\u00fcr die Benutzung der Dienste zur Verf\u00fcgung gestellt werden, im Eigentum von Macwin.<\/span><\/p>\n<p><b>6.2.<\/b><span style=\"font-weight: 400;\"> Alle Rechte am geistigen Eigentum bez\u00fcglich Dienstleistungen und Produkte verbleiben (vorbehaltlich ausdr\u00fccklich anderslautender schriftlicher Vereinbarung) bei Macwin oder den berechtigten Dritten.<\/span><\/p>\n<p><b>6.3.<\/b><span style=\"font-weight: 400;\"> Macwin r\u00e4umt dem Kunden das un\u00fcbertragbare, nicht ausschliessliche Nutzungsrecht an den vereinbarten Leistungen von Macwin ein. Inhalt und Umfang der Nutzungsrechte richten sich nach der Spezifikation in den Einzelvertr\u00e4gen.<\/span><\/p>\n<p><b>6.4.<\/b><span style=\"font-weight: 400;\"> Sind Produkte und Leistungen von Dritten Teil der Vereinbarung, so anerkennt der Kunde zus\u00e4tzlich die zugeh\u00f6renden Nutzungs- und Lizenzbestimmungen und r\u00e4umt diesen das Recht ein, im Verletzungsfalle ihre Anspr\u00fcche direkt durchzusetzen.<\/span><\/p>\n<h2><b>7. GEW\u00c4HRLEISTUNG<\/b><\/h2>\n<p><b>7.1.<\/b><span style=\"font-weight: 400;\"> Macwin verpflichtet sich gegen\u00fcber dem Kunden f\u00fcr die sorgf\u00e4ltige Besorgung ihrer vertraglich vereinbarten Leistungen. Macwin kann jedoch nicht f\u00fcr einen konstanten, st\u00f6rungsfreien Betrieb garantieren. Angek\u00fcndigte Unterbrechungen der Dienste, insbesondere durch Unterhaltsarbeiten bei unseren Internet Anbieter oder Macwin, gelten nicht als St\u00f6rung.<\/span><\/p>\n<p><b>7.2.<\/b><span style=\"font-weight: 400;\"> Dauer und Konditionen der Garantien richten sich nach den im Einzelvertrag und in den Anh\u00e4ngen festgelegten Spezifikationen.<\/span><\/p>\n<p><b>7.3.<\/b><span style=\"font-weight: 400;\"> Der Kunde ist verpflichtet, alle Leistungen von Macwin sofort nach deren Bereitstellung auf M\u00e4ngel zu pr\u00fcfen. S\u00e4mtliche M\u00e4ngel m\u00fcssen sofort nach Entdeckung Macwin schriftlich angezeigt werden. Die defekten Teile werden gem\u00e4ss Herstellergarantie durch diesen ersetzt. Der Kunde hat seine M\u00e4ngelrechte direkt beim Hersteller wahrzunehmen. Falls der Kunde w\u00fcnscht, dass Macwin dies an seiner Stelle tut, ist Macwin befugt ihm ihren Aufwand nach den g\u00fcltigen Tarifen in Rechnung zu stellen. Erneute Reinstallationskosten sowie zus\u00e4tzliche Konfigurationsarbeiten werden dem Kunden gem\u00e4ss den geltenden Tarifen in Rechnung gestellt.<\/span><\/p>\n<p><b>7.4.<\/b><span style=\"font-weight: 400;\"> Die Garantie ist ausgeschlossen f\u00fcr die Behebung von M\u00e4ngeln, deren Entstehen der Kunde oder eine Drittperson zu vertreten hat, oder die auf \u00e4ussere Einwirkungen zur\u00fcckzuf\u00fchren sind.<\/span><\/p>\n<p><b>7.5.<\/b><span style=\"font-weight: 400;\"> Die Garantie ist nur in der Originalverpackung m\u00f6glich.<\/span><\/p>\n<h2><b>8. HAFTUNG<\/b><\/h2>\n<p><b>8.1.<\/b><span style=\"font-weight: 400;\"> Macwin haftet dem Kunden bis zur H\u00f6he des Vertragsgegenstandes f\u00fcr direkten, von ihr schuldhaft verursachten Schaden.<\/span><\/p>\n<p><b>8.2.<\/b><span style=\"font-weight: 400;\"> Macwin haftet jedoch keinesfalls f\u00fcr Folgesch\u00e4den und entgangenen Gewinn. Macwin haftet auch nicht bei allf\u00e4lligen Datenverlusten im Zusammenhang mit der Benutzung von Speicherdiensten. Allf\u00e4llige Garantien Dritter (Dienstanbietern) bleiben vorbehalten.<\/span><\/p>\n<p><b>8.3.<\/b><span style=\"font-weight: 400;\"> Der Kunde haftet Macwin f\u00fcr jeden Schaden, welcher Macwin oder Dritten durch die Benutzung der Leistungen von Macwin entstehen. Der Kunde stellt Macwin von allen Anspr\u00fcchen Dritter (inklusive Rechtskosten), die insbesondere aufgrund Verletzung von Ziff. 3.5 und 6.4 hiervor entstehen, frei.<\/span><\/p>\n<h2><b>9. ZAHLUNGSBEDINGUNGEN<\/b><\/h2>\n<p><b>9.1.<\/b><span style=\"font-weight: 400;\"> Die Rechnungen von Macwin sind innert einer Frist von 10 Tagen nach Rechnungsstellung zu bezahlen.<\/span><\/p>\n<p><b>9.2.<\/b><span style=\"font-weight: 400;\"> Der Stundenansatz von Macwin betr\u00e4gt CHF 150.\u2013 (plus MWSt). Fernwartung wird je Viertelstunde zum gleichen Tarif verrechnet. Reisekosten werden zu CHF 1.\u2013 (plus MWSt) pro Kilometer verrechnet (die Reisezeit wird nicht verrechnet). Preisanpassungen k\u00f6nnen mangels anderweitiger ausdr\u00fccklicher Vereinbarung jederzeit und ohne Vorank\u00fcndigung erfolgen.<\/span><\/p>\n<p><b>9.3.<\/b><span style=\"font-weight: 400;\"> Internet<\/span><\/p>\n<p><b>9.3.1.<\/b><span style=\"font-weight: 400;\"> Die Rechnungsstellung bez\u00fcglich der von Macwin bezogenen Internet-Dienste erfolgt aufgrund der aktuellen Preisliste. Anpassungen werden (insbesondere in F\u00e4llen der Selbstkostenanpassung zum weltweiten Internet- Zugang oder bei besonders intensiven Nutzung durch den Kunden) schriftlich mitgeteilt und erst im Folgejahr angewandt. Der Kunde kann gem\u00e4ss Ziff. 10.2.3 nachfolgend den vorliegenden Vertrag k\u00fcndigen.<\/span><\/p>\n<p><b>9.3.2.<\/b><span style=\"font-weight: 400;\"> Die Internet-Dienste werden dem Kunden monatlich oder j\u00e4hrlich in Rechnung gestellt und sind netto im Voraus zu bezahlen. Allf\u00e4llige Spesen, die Macwin durch den Zahlungsverkehr mit Banken und Post entstehen, werden dem Kunden mit der n\u00e4chsten Rechnungsstellung belastet.<\/span><\/p>\n<p><b>9.4.<\/b><span style=\"font-weight: 400;\"> Reklamationen sind innert 5 Tagen nach Erhalt der Rechnung geltend zu machen.<\/span><\/p>\n<p><b>9.5.<\/b><span style=\"font-weight: 400;\"> Ist der Kunde mit der Bezahlung einer Rechnung im Verzug, kann Macwin ab der ersten Mahnung Verzugszinsen von 5% p.a. verlangen.<\/span><\/p>\n<p><b>9.6.<\/b><span style=\"font-weight: 400;\"> Jede Mahnung wird mit CHF 20.\u2013 verrechnet.<\/span><\/p>\n<p><b>9.7.<\/b><span style=\"font-weight: 400;\"> Jede Betreibung wird zus\u00e4tzlich zu den effektiven Betreibungskosten mit CHF 100.\u2013 verrechnet.<\/span><\/p>\n<p><b>9.8.<\/b><span style=\"font-weight: 400;\"> Mangels Rechnungsbegleichung nach der ersten Mahnung ist Macwin befugt, die verkauften Waren zur\u00fcckzufordern und die Internet-Dienste zu blockieren oder aufzuheben sowie den Vertrag fristlos aufzul\u00f6sen.<\/span><\/p>\n<h2><b>10. BEGINN, DAUER UND BEENDIGUNG DES VERTRAGS<\/b><\/h2>\n<p><b>10.1.<\/b><span style=\"font-weight: 400;\"> Der Vertrag gilt als abgeschlossen, sobald der Kunde die Offerte von Macwin unterzeichnet hat.<\/span><\/p>\n<p><b>10.2.<\/b><span style=\"font-weight: 400;\"> Internet<\/span><\/p>\n<p><b>10.2.1.<\/b><span style=\"font-weight: 400;\"> Macwin bestimmt den Zeitpunkt, ab welchem der Kunden die Dienste benutzen kann.<\/span><\/p>\n<p><b>10.2.2.<\/b><span style=\"font-weight: 400;\"> Ohne besondere schriftliche Festlegung wird der Dienstleistungsvertrag f\u00fcr die Dauer von einem Jahr abgeschlossen und verl\u00e4ngert sich stillschweigend um jeweils ein weiteres Jahr, sofern er nicht von einer der Parteien per Einschreiben mindestens drei Monate vor Ablauf gek\u00fcndigt wird Zeitraum.<\/span><\/p>\n<p><b>10.2.3.<\/b><span style=\"font-weight: 400;\"> Die Parteien k\u00f6nnen den Vertrag mit eingeschriebenem Brief unter Wahrung einer dreimonatigen Frist jeweils auf das Vertragsperiodeende zu k\u00fcndigen. Falls der Internet Anbieter von Macwin die Konzession zur Nutzung der von Macwin oder ihren Zulieferern gemieteten Leitungen k\u00fcndigt, wird der Vertrag zwischen den Parteien automatisch ebenfalls auf diesen Zeitpunkt hin gek\u00fcndigt. Macwin informiert diesfalls den Kunden rechtzeitig.<\/span><\/p>\n<p><b>10.2.4.<\/b><span style=\"font-weight: 400;\"> Falls der Kunde eines Hostings von Internet Seiten den Provider wechselt, gilt damit das Hosting bei Macwin als automatisch beendet. Macwin hat ihm einen allf\u00e4lligen Saldo des bereits bezahlten Preises f\u00fcrs Hosting nicht zu erstatten.<\/span><\/p>\n<p><b>10.2.5.<\/b><span style=\"font-weight: 400;\"> Falls der Kunde eines Hostings von Internet Seiten zus\u00e4tzliche Dienstleistungen w\u00fcnscht (Migration, Wiedererlangung von Daten), hat er Macwin hier\u00fcber schriftlich vor Vertragsende zu informieren. Diese Dienstleistungen werden dem Kunden nach den geltenden Tarifen verrechnet. Nach Vertragsende werden all diese Daten, Emails inklusiv, von den Servern von Macwin gel\u00f6scht und k\u00f6nnen nicht mehr zur\u00fcckgeladen werden.<\/span><\/p>\n<p><b>10.3.<\/b><span style=\"font-weight: 400;\"> Macwin beh\u00e4lt sich das Recht vor, den Vertrag aus wichtigen Gr\u00fcnden jederzeit mit sofortiger Wirkung zu k\u00fcndigen (ohne R\u00fcckzahlung), namentlich bei Verletzung von Ziff. 3.5.3 sowie mangels Rechnungsbegleichung nach der ersten Mahnung. S\u00e4mtliche Daten werden diesfalls auf den Servern von Macwin gel\u00f6scht und k\u00f6nnen nicht mehr herausgegeben werden.<\/span><\/p>\n<p><b>10.4.<\/b><span style=\"font-weight: 400;\"> Wenn IT-Services gek\u00fcndigt werden, sind alle Dienstleistungen sowie Hosting am selben Datum beendet.<\/span><\/p>\n<p><b>10.5.<\/b><span style=\"font-weight: 400;\"> Durch Anklicken des K\u00e4stchens zur Best\u00e4tigung der AGB, die dies vorsehen, erkl\u00e4rt sich der Kunde bereit, auf sein 14-t\u00e4giges Widerrufsrecht zu verzichten, um digitale Inhalte, die nicht auf einem materiellen Tr\u00e4ger geliefert werden, und\/oder Dienstleistungen, deren Lieferung unmittelbar nach der Bestellung vorgesehen ist, sofort in Anspruch nehmen zu k\u00f6nnen.<\/span><\/p>\n<h2><b>11. SCHLUSSBESTIMMUNGEN<\/b><\/h2>\n<p><b>11.1.<\/b><span style=\"font-weight: 400;\"> Im Falle von Unklarheiten oder Widerspr\u00fcchen unter den verschiedenen Sprachversionen der AGB (Franz\u00f6sisch, Deutsch, Englisch) gilt die franz\u00f6sische Version.<\/span><\/p>\n<p><b>11.2.<\/b><span style=\"font-weight: 400;\"> Macwin beh\u00e4lt sich das Recht vor, bei allf\u00e4lligen Streitigkeiten, ihre Korrespondenz in franz\u00f6sischer Sprache zu verfassen.<\/span><\/p>\n<p><b>11.3.<\/b><span style=\"font-weight: 400;\"> Der Vertrag untersteht Schweizerischem Recht. Der Gerichtsstand ist Sierre. Macwin beh\u00e4lt sich jedoch das Recht vor, den Kunden an seinem Wohn- bzw. Gesch\u00e4ftssitz zu belangen.<\/span><\/p>\n<p><i><span style=\"font-weight: 400;\">Icogne, den 1. September 2023<\/span><\/i><\/p>\n","protected":false},"excerpt":{"rendered":"<p>Allgemeine Gesch\u00e4ftsbedingungen &#8211; macwin.ch 1. GEGENSTAND 1.1. Diese AGB regeln die vertraglichen Beziehungen zwischen dem Kunden und der Macwin GmbH (nachfolgend Macwin) und sind integrierender Vertragsbestandteil s\u00e4mtlicher Vertragsbeziehungen zwischen Macwin und dem Kunden. 1.2. Andere AGBs, auf die der Kunde namentlich in Auftr\u00e4gen verweist, sind nur dann g\u00fcltig, wenn sie von Macwin ausdr\u00fccklich schriftlich akzeptiert [&hellip;]<\/p>\n","protected":false},"author":3,"featured_media":0,"parent":0,"menu_order":0,"comment_status":"closed","ping_status":"closed","template":"","meta":{"inline_featured_image":false,"footnotes":""},"class_list":["post-29748","page","type-page","status-publish","hentry","has-post-title","has-post-date","has-post-category","has-post-tag","has-post-comment","has-post-author",""],"_links":{"self":[{"href":"https:\/\/www.macwin.ch\/de\/wp-json\/wp\/v2\/pages\/29748","targetHints":{"allow":["GET"]}}],"collection":[{"href":"https:\/\/www.macwin.ch\/de\/wp-json\/wp\/v2\/pages"}],"about":[{"href":"https:\/\/www.macwin.ch\/de\/wp-json\/wp\/v2\/types\/page"}],"author":[{"embeddable":true,"href":"https:\/\/www.macwin.ch\/de\/wp-json\/wp\/v2\/users\/3"}],"replies":[{"embeddable":true,"href":"https:\/\/www.macwin.ch\/de\/wp-json\/wp\/v2\/comments?post=29748"}],"version-history":[{"count":16,"href":"https:\/\/www.macwin.ch\/de\/wp-json\/wp\/v2\/pages\/29748\/revisions"}],"predecessor-version":[{"id":30716,"href":"https:\/\/www.macwin.ch\/de\/wp-json\/wp\/v2\/pages\/29748\/revisions\/30716"}],"wp:attachment":[{"href":"https:\/\/www.macwin.ch\/de\/wp-json\/wp\/v2\/media?parent=29748"}],"curies":[{"name":"wp","href":"https:\/\/api.w.org\/{rel}","templated":true}]}}