{"id":29743,"date":"2022-04-26T11:02:31","date_gmt":"2022-04-26T09:02:31","guid":{"rendered":"https:\/\/www4.macwin.ch\/?page_id=29743"},"modified":"2023-09-03T12:26:39","modified_gmt":"2023-09-03T10:26:39","slug":"datenschutzerklaerung","status":"publish","type":"page","link":"https:\/\/www.macwin.ch\/de\/datenschutzerklaerung\/","title":{"rendered":"Datenschutzerklaerung"},"content":{"rendered":"<h1>Datenschutzerkl\u00e4rung &#8211; macwin.ch<\/h1>\n<p><b>Diese Datenschutzerkl\u00e4rung gilt f\u00fcr alle Produkte und Dienstleistungen von Macwin GmbH<\/b> (nachfolgend Macwin).<\/p>\n<h2>Das Recht auf Auskunft<\/h2>\n<p>Sie haben ein Recht auf Auskunft \u00fcber Ihre personenbezogenen Daten, indem Sie sich an Macwin wenden.<\/p>\n<p>Wenn Sie unsere Website besuchen, erfassen unsere Server automatisch Informationen wie den von Ihnen verwendeten Internetbrowser und Ihr Betriebssystem, die Seite, von der aus Sie auf unsere Website gelangt sind, die von Ihnen besuchten Seiten, das Datum Ihres Besuchs sowie aus Sicherheitsgr\u00fcnden (z.B. um m\u00f6gliche Angriffe auf unsere Seite zu erkennen), die von Ihrem Internet Service Provider vergebene IP-Adresse. Diese werden auf unbestimmte Zeit aufbewahrt.<\/p>\n<p>Die gesammelten Informationen werden verwendet, um besser auf Anfragen reagieren zu k\u00f6nnen und es zu kommerziellen Zwecken zu erm\u00f6glichen, Informationen \u00fcber unsere Angebote zu senden sowie Support leisten zu k\u00f6nnen.<\/p>\n<p>Macwin behandelt Ihre pers\u00f6nlichen Daten mit Sorgfalt und stellt sicher, dass Ihre Privatsph\u00e4re gesch\u00fctzt ist.<\/p>\n<h3><b>Welche personenbezogenen Daten speichert Macwin?<\/b><\/h3>\n<h4><i>Nachname, Vorname, Adresse und Wohnort<\/i><\/h4>\n<p>Ihr Vorname und Ihre E-Mail-Adresse werden gespeichert, denn Sie sind in unseren Augen mehr als eine Kundennummer, wenn Sie uns kontaktieren. Au\u00dferdem ben\u00f6tigen wir Ihren Namen und Wohnort, um Ihre Rechnungen zu erstellen, Sie zu kontaktieren oder Sie zur Fehlerbehebung zu besuchen.<\/p>\n<h4><i>E-Mail<\/i><\/h4>\n<p>Wir speichern Ihre E-Mail-Adresse, um Ihnen wichtige Nachrichten zu Ihrer Bestellung oder Ihrem Konto zu senden. Wir informieren Sie auch per Newsletter \u00fcber neue Entwicklungen von Macwin. Bei Bedarf k\u00f6nnen Sie sich von diesen abmelden.<\/p>\n<h4><i>Telefonnummer<\/i><\/h4>\n<p>Wir speichern Ihre Telefonnummer, um Sie im Notfall zu kontaktieren oder um Sie Rat zu fragen. Dar\u00fcber hinaus verwenden wir Ihre Nummer, um Ihnen im Rahmen der zweistufigen Verifizierung Textnachrichten zu senden oder Sie zu authentifizieren.<\/p>\n<h4><i>Zahlungsinformationen\u00a0<\/i><\/h4>\n<p>Wir speichern Zahlungsinformationen wie Ihre PayPal- oder Stripe-Details. An der Verarbeitung Ihrer Zahlungen sind auch andere Parteien beteiligt, z.B. verbundene Unternehmen Ihrer Zahlungsmethode oder Kreditkarten.<\/p>\n<h4><i>Ihre Nutzung unserer Webseite<\/i><\/h4>\n<p>Die oben genannten Details in Kombination mit Cookies erm\u00f6glichen es uns zu sehen, wie Sie unsere Website und unsere Dienste nutzen, und Ihre Interessen zu identifizieren. Dadurch k\u00f6nnen wir unsere Website, unsere Dienste und die Ausrichtung unserer Werbung verbessern.<\/p>\n<h3>Personenbezogene Daten des Benutzers<\/h3>\n<p>Wir erheben personenbezogene Daten, die Sie uns zur Verf\u00fcgung stellen, wenn Sie einen unserer Dienste nutzen oder sich daf\u00fcr registrieren, wenn Sie einen Domainnamen kaufen und\/oder registrieren und\/oder wenn Sie uns direkt \u00fcber einen beliebigen Kommunikationskanal kontaktieren (z. B. Support-Tickets, Chat oder Anrufe; wir zeichnen auch Informationen auf, wenn Sie uns kontaktieren, wie z.B. Supportanfragen, Notizen oder Informationen zu Ihren Anfragen und wie wir Ihnen geantwortet haben). Diese Erfassung ist erforderlich, damit wir Ihnen unsere Dienste anbieten k\u00f6nnen. Wir verwenden auch Cookies und \u00e4hnliche Technologien auf unseren Websites und mobilen Anwendungen, um Informationen \u00fcber Ihre Interaktionen mit und Nutzung unserer Dienste zu sammeln.<\/p>\n<h4><b>Cookies<\/b><\/h4>\n<ul>\n<li>Die Macwin-Website verwendet einen Google Analytics-Tracker, um den Datenverkehr und die Konversion zu analysieren. Unter keinen Umst\u00e4nden werden E-Mail-Adressen oder Namen von Personen gesammelt. Dadurch k\u00f6nnen wir die Inhalte unserer Webseiten gezielter an Ihre Bed\u00fcrfnisse anpassen und unser Angebot f\u00fcr Sie verbessern.Um unser Online-Marketing (z.B. Werbebanner) auf den Websites unserer Retargeting-Partner (Google Ads, Google Analytics, YouTube, Facebook, Instagram) besser auf Ihre Interessen und Bed\u00fcrfnisse ausrichten zu k\u00f6nnen, verwenden wir au\u00dferdem sogenannte Retargeting-Technologien.\n<p>Ihre pers\u00f6nlichen Interessen an unseren Produkten und Dienstleistungen werden in Cookies gespeichert, die dann gelesen werden, wenn Sie die Websites von Macwin besuchen. Dies geschieht anonym, d.h. Sie k\u00f6nnen nicht durch Retargeting identifiziert werden. Wenn Sie nicht m\u00f6chten, dass Macwin Informationen \u00fcber Ihren Besuch erhebt, aufzeichnet und auswertet, k\u00f6nnen Sie dem jederzeit f\u00fcr die Zukunft widersprechen (Opt-Out bzw. Opt-Out).<\/p>\n<p>Zur technischen Umsetzung dieses Widerspruchs wird in Ihrem Browser ein Opt-Out-Cookie installiert. Dieses Cookie dient ausschlie\u00dflich dazu, Ihren Widerspruch zu erkennen. Ein Opt-Out-Cookie kann aus technischen Gr\u00fcnden nur mit dem Browser verwendet werden, in dem es installiert wurde. Wenn Sie Cookies l\u00f6schen oder einen anderen Browser oder ein anderes Endger\u00e4t verwenden, m\u00fcssen Sie die Opt-Out-M\u00f6glichkeit erneut aktivieren.<\/li>\n<li>Cookies k\u00f6nnen pers\u00f6nliche Informationen \u00fcber Sie enthalten, wie z.B. Ihr Surfverhalten und Ihre Interessen.<\/li>\n<li>Wenn Sie einen Kommentar auf unserer Website hinterlassen, wird Ihnen angeboten, Ihren Namen, Ihre E-Mail-Adresse und Ihre Website in Cookies zu speichern. Dies dient nur Ihrer Bequemlichkeit, damit Sie diese Informationen nicht eingeben m\u00fcssen, wenn Sie sp\u00e4ter einen weiteren Kommentar hinterlassen.<\/li>\n<li>Wenn Sie ein Konto haben und sich mit dieser Website verbinden, wird ein tempor\u00e4res Cookie erstellt, um festzustellen, ob Ihr Browser Cookies akzeptiert. Sie enth\u00e4lt keine personenbezogenen Daten und wird automatisch gel\u00f6scht, wenn Sie Ihren Browser schlie\u00dfen.<\/li>\n<li>Wenn Sie sich anmelden, richten wir eine Reihe von Cookies ein, um Ihre Anmeldedaten und Bildschirmeinstellungen zu speichern. Wenn Sie sich von Ihrem Konto abmelden, wird das Login-Cookie gel\u00f6scht.<\/li>\n<li>Durch Bearbeiten oder Ver\u00f6ffentlichen eines Beitrags wird ein zus\u00e4tzlicher Cookie in Ihrem Browser gespeichert. Dieses Cookie enth\u00e4lt keine personenbezogenen Daten. Es zeigt nur die ID des Beitrags, den Sie gerade bearbeitet haben.<\/li>\n<\/ul>\n<h3><b>Datenaufbewahrungsfrist<\/b><\/h3>\n<p>Wir speichern Ihre Daten nur f\u00fcr den Zeitraum, der f\u00fcr den jeweiligen Verarbeitungszweck erforderlich ist. Bitte beachten Sie, dass viele Aufbewahrungsfristen erfordern, dass wir Ihre Daten weiterhin aufbewahren. Dies gilt insbesondere f\u00fcr handelsrechtliche oder steuerrechtliche Aufbewahrungspflichten (z.B. Handelsgesetzbuch, Abgabenordnung etc.). Soweit keine weitergehenden Aufbewahrungspflichten bestehen, werden die entsprechenden Daten regelm\u00e4\u00dfig gel\u00f6scht.<\/p>\n<p>Dar\u00fcber hinaus k\u00f6nnen wir Ihre Daten aufbewahren, wenn Sie dazu einwilligen oder wenn wir sie im Falle eines Rechtsstreits als Beweismittel innerhalb der gesetzlichen Verj\u00e4hrungsfristen von bis zu 30 Jahren verwenden. Die regelm\u00e4\u00dfige Verj\u00e4hrungsfrist betr\u00e4gt drei Jahre.<\/p>\n<p>Wenn Sie einen Kommentar hinterlassen, werden der Kommentar und seine Metadaten auf unbestimmte Zeit gespeichert. Dadurch werden nachfolgende Kommentare automatisch erkannt und genehmigt, anstatt sie in der Moderationswarteschlange zu belassen.<\/p>\n<h2>Das Zugriffsrecht<\/h2>\n<p>Sie haben ein Recht auf Zugang zu personenbezogenen Daten, die Sie betreffen, indem Sie sich an Macwin wenden. Dieses Recht umfasst das Recht, eine Kopie der verarbeiteten Daten zu erhalten.<\/p>\n<h2>Das Recht auf Berichtigung<\/h2>\n<p>Sie haben das Recht, Sie betreffende personenbezogene Daten zu berichtigen, indem Sie sich an Macwin wenden.<\/p>\n<h2>Das Recht auf L\u00f6schung oder \u201eRecht auf Vergessenwerden\u201c<\/h2>\n<p>Sie k\u00f6nnen auch die L\u00f6schung der Sie betreffenden personenbezogenen Daten verlangen. Daten, die aus administrativen, rechtlichen oder Sicherheitsgr\u00fcnden gespeichert werden, werden hiervon nicht ber\u00fccksichtigt.<\/p>\n<p>Bitte beachten Sie, dass eine Frist von 30 Tagen erforderlich sein kann, um alle mit Ihrem Konto verkn\u00fcpften Daten zu l\u00f6schen. Ohne besondere Aufforderung von Ihnen l\u00f6scht Macwin automatisch alle Ihre Daten sechs Monate nach Beendigung Ihrer Dienste. Nach dem L\u00f6schen k\u00f6nnen Sie nicht mehr auf Ihre Dienste und Ihren Zahlungsverlauf zugreifen.<\/p>\n<h2>Das Recht auf Einschr\u00e4nkung der Verarbeitung<\/h2>\n<p>Wir m\u00f6chten Ihre Daten dazu nutzen, Sie \u00fcber unsere Produkte und Dienstleistungen zu informieren. Die Teilnahme an solchen Aktionen ist selbstverst\u00e4ndlich freiwillig. Wenn Sie nicht teilnehmen m\u00f6chten, k\u00f6nnen Sie uns dies jederzeit mitteilen, damit wir Ihre Daten entsprechend gesondert verarbeiten.<\/p>\n<p>Bestimmte personenbezogene Daten sind f\u00fcr die Begr\u00fcndung, Durchf\u00fchrung und Beendigung des Schuldverh\u00e4ltnisses sowie zur Erf\u00fcllung der sich daraus ergebenden vertraglichen und gesetzlichen Pflichten erforderlich. Gleiches gilt f\u00fcr unsere Website und bestimmte dort zur Verf\u00fcgung gestellte Funktionen.<\/p>\n<p>Die Details haben wir im oben genannten Punkt zusammengefasst. Teilweise m\u00fcssen Daten auch aufgrund gesetzlicher Vorschriften erfasst und bereitgestellt werden. Bitte beachten Sie, dass eine Bearbeitung Ihrer Anfrage oder die Erf\u00fcllung der zugrunde liegenden vertraglichen Pflicht ohne die Bereitstellung dieser Daten nicht m\u00f6glich ist.<\/p>\n<p>Die \u00dcbermittlung personenbezogener Daten an staatliche Stellen und Beh\u00f6rden erfolgt nur im Rahmen der nationalen gesetzlichen Bestimmungen.<\/p>\n<p>Die gesammelten Daten werden nur von der Firma Macwin verwendet und niemals an Dritte weitergegeben oder weiterverkauft.<\/p>\n<p>Die gesammelten Informationen werden verwendet, um besser auf Anfragen reagieren zu k\u00f6nnen und zu kommerziellen Zwecken Informationen \u00fcber unsere Angebote zu senden.<\/p>\n<p>Wir sch\u00fctzen und behandeln Ihre personenbezogenen Daten so, als w\u00e4ren es unsere eigenen, und wir geben Ihre personenbezogenen Daten niemals ohne triftigen Grund an Dritte weiter. In jedem Fall ist es Dritten nicht gestattet, Ihre Daten f\u00fcr andere als die in unserer Datenschutzrichtlinie beschriebenen Zwecke zu verwenden. Es kann daher vorkommen, dass Ihre personenbezogenen Daten an verbundene Unternehmen innerhalb unserer Unternehmensfamilie, an Dritte, mit denen wir Partner sind (z. B. um Ihnen die Integration ihrer L\u00f6sungen in unsere Dienste zu erm\u00f6glichen) oder an vertrauensw\u00fcrdige Drittanbieter weitergegeben werden. Beispielsweise k\u00f6nnen wir Ihre Daten im Zusammenhang mit der Abwicklung einer Zahlung, der Einholung von Feedback oder der Erf\u00fcllung einer gesetzlichen Verpflichtung weitergeben.<\/p>\n<h3><b>Wann geben wir Ihre Informationen an andere Parteien weiter?<\/b><\/h3>\n<p>Macwin entwickelt die meisten seiner L\u00f6sungen intern und arbeitet nur mit Partnern zusammen, die unsere Sicherheitsstandards respektieren. Dar\u00fcber hinaus werden Ihre Daten nur in den folgenden F\u00e4llen an Dritte weitergegeben :<\/p>\n<ul>\n<li aria-level=\"1\"><b>Bereitstellung oder Erbringung unserer Dienstleistungen<\/b><\/li>\n<\/ul>\n<p>Wir verwenden Dienste wie Stripe oder PayPal, um verschiedene Zahlungsm\u00f6glichkeiten anzubieten.<\/p>\n<ul>\n<li aria-level=\"1\"><b>Verbesserung unserer Dienste, unserer Website oder unserer Werbung<\/b><\/li>\n<\/ul>\n<p>Wir verwenden Software von Drittanbietern, um zu messen, wie sehr Ihnen eine neue Produktseite gef\u00e4llt.<\/p>\n<ul>\n<li aria-level=\"1\"><b>R\u00fcckmeldung bekommen<\/b><\/li>\n<\/ul>\n<p>Wir beauftragen manchmal Umfrageunternehmen, um herauszufinden, wie zufrieden Sie mit unseren Dienstleistungen sind.<\/p>\n<ul>\n<li aria-level=\"1\"><b>Erf\u00fcllung einer gesetzlichen Verpflichtung<\/b><\/li>\n<\/ul>\n<p>Aufgrund einer gerichtlichen Anordnung m\u00fcssen wir m\u00f6glicherweise Ihre Daten an die Polizei weitergeben.<\/p>\n<ul>\n<li aria-level=\"1\"><b>Registrieren Sie einen Dom\u00e4nennamen<\/b><\/li>\n<\/ul>\n<p>Von der ICANN akkreditierte Registrare sind verpflichtet, die Angaben zum Inhaber einer Domain in der Whois-Datenbank der f\u00fcr die Domain zust\u00e4ndigen Registry zu ver\u00f6ffentlichen. Jeder kann die Verf\u00fcgbarkeit einer Domain pr\u00fcfen und sehen, wem sie geh\u00f6rt. Dank Domain Privacy bietet Macwin jedoch die M\u00f6glichkeit, die Vertraulichkeit dieser Daten zu wahren, wenn die Domainregistrierungsstelle dies genehmigt.<\/p>\n<h2>Mitteilungspflicht des Verantwortlichen<\/h2>\n<p>Der Verantwortliche teilt allen Empf\u00e4ngern, denen die personenbezogenen Daten mitgeteilt wurden, jede Berichtigung oder L\u00f6schung personenbezogener Daten oder jede Einschr\u00e4nkung der Verarbeitung mit, es sei denn, eine solche Mitteilung erweist sich als unm\u00f6glich oder ist mit einem unverh\u00e4ltnism\u00e4\u00dfigen Aufwand verbunden. Der Verantwortliche erteilt der betroffenen Person Auskunft \u00fcber diese Empf\u00e4nger, wenn die betroffene Person dies verlangt.<\/p>\n<h2>Das Recht auf Daten\u00fcbertragbarkeit<\/h2>\n<p>Sie haben ein Recht auf \u00dcbertragbarkeit (Recht auf Wiederherstellung) der Sie betreffenden personenbezogenen Daten, indem Sie sich an Macwin wenden.<\/p>\n<h2>Das Widerspruchsrecht<\/h2>\n<p>Sie haben das Recht, den Sie betreffenden personenbezogenen Daten zu widersprechen, indem Sie sich an Macwin wenden.<\/p>\n<h2>Das Recht, keiner automatisierten Einzelentscheidung unterworfen zu werden<\/h2>\n<p>Sie haben das Recht, keiner automatisierten Einzelentscheidung \u00fcber die Sie betreffenden personenbezogenen Daten unterworfen zu werden, indem Sie sich an Macwin wenden.<\/p>\n<h2>Das Recht auf Mitteilung einer Verletzung des Schutzes personenbezogener Daten<\/h2>\n<p>Im Falle eines Datenlecks bei Abonnenten unserer Newsletter werden diese innerhalb von 72 Stunden informiert.<\/p>\n<h2>Prinzip von Data Protection by Design und Data Protection by Default<\/h2>\n<p>Der Schutz Ihrer Privatsph\u00e4re bei der Verarbeitung Ihrer pers\u00f6nlichen Daten ist uns ein wichtiges Anliegen, dem wir im Rahmen unserer Gesch\u00e4ftsprozesse besondere Aufmerksamkeit schenken. Wir stellen daher sicher, dass die beim Besuch unserer Webseiten erhobenen personenbezogenen Daten gem\u00e4\u00df den gesetzlichen Bestimmungen des Landes verarbeitet werden, in dem die f\u00fcr die Datenverarbeitung verantwortliche Stelle sitzt.<\/p>\n<p>Die Websites von Macwin k\u00f6nnen Links zu Websites anderer Anbieter enthalten, auf die sich diese Erkl\u00e4rung nicht bezieht.<\/p>\n<h3><b><i>Kampf gegen Betrug<\/i><\/b><\/h3>\n<p>Ihre personenbezogenen Daten erm\u00f6glichen es uns, Ihre Identit\u00e4t zu \u00fcberpr\u00fcfen, wenn Personen uns kontaktieren und versuchen, sich mit falschen Informationen als Sie auszugeben.<\/p>\n<h3><em><b>Sicherheit<\/b><\/em><\/h3>\n<p>Macwin setzt technische und organisatorische Sicherheitsma\u00dfnahmen ein, um Ihre durch uns verwalteten personenbezogenen Daten gegen Manipulation, Verlust, Zerst\u00f6rung oder Nutzung durch unbefugte Personen zu sch\u00fctzen. Unsere Sicherheitsma\u00dfnahmen werden fortlaufend verbessert und ber\u00fccksichtigen die technologischen Entwicklungen.<\/p>\n<h4><i>Wie gew\u00e4hrleisten Sie die Sicherheit meiner personenbezogenen Daten?<\/i><\/h4>\n<p>Hier sind einige der M\u00f6glichkeiten, die wir implementieren, um Ihnen beim Schutz Ihrer Identit\u00e4t und Ihrer personenbezogenen Daten zu helfen:<\/p>\n<ul>\n<li>Wir verschl\u00fcsseln die personenbezogenen Daten, die Sie uns \u00fcber Online-Formulare \u00fcbermitteln, mit den neuesten Verschl\u00fcsselungstechnologien, um zu verhindern, dass jemand Ihre Informationen abf\u00e4ngt.<\/li>\n<li>Wir geben Ihnen die M\u00f6glichkeit, die Sicherheit Ihres Macwin-Kontos mit einer zweistufigen Verifizierung zu erh\u00f6hen.<\/li>\n<li>Unsere Mitarbeiter werden j\u00e4hrlich geschult und regelm\u00e4\u00dfig auf Best Practices aufmerksam gemacht, um die Vertraulichkeit Ihrer personenbezogenen Daten zu gew\u00e4hrleisten.<\/li>\n<li>Wir sch\u00fctzen unser Unternehmensnetzwerk mit mehreren Sicherheitsebenen.<\/li>\n<li>Wir setzen physische Schutzma\u00dfnahmen ein, um die Sicherheit unserer Mitarbeiter und ihrer Ausr\u00fcstung zu gew\u00e4hrleisten.<\/li>\n<li>Wir verwenden eine Kombination aus Software und Ger\u00e4ten, um unser Netzwerk vor m\u00f6glichen Eindringlingen oder Schwachstellen zu sch\u00fctzen.<\/li>\n<\/ul>\n<h4><i>Wie kann ich die Sicherheit meiner personenbezogenen Daten erh\u00f6hen?<\/i><\/h4>\n<p>Ohne Ihre Mitwirkung kann Macwin die Sicherheit Ihrer personenbezogenen Daten nicht garantieren. Wir empfehlen Ihnen, die folgenden Empfehlungen zu befolgen, um Ihre personenbezogenen Daten bestm\u00f6glich zu sch\u00fctzen:<\/p>\n<ul>\n<li>Verwenden Sie komplexe und unterschiedliche Passw\u00f6rter f\u00fcr jeden Ihrer Dienste.<\/li>\n<li>Geben Sie niemals Ihre Passw\u00f6rter weiter.<\/li>\n<li>Melden Sie sich von Ihrem Macwin-Konto ab, wenn Sie einen Computer verwenden, den Sie mit anderen teilen.<\/li>\n<li>\u00c4ndern Sie Ihr Kontopasswort mindestens einmal im Jahr.<\/li>\n<li>Aktivieren Sie die Best\u00e4tigung in zwei Schritten f\u00fcr Ihr Macwin-Konto.<\/li>\n<li>Installieren Sie ein anerkanntes Antivirenprogramm auf Ihrem Computer.<\/li>\n<\/ul>\n<h2>Verzeichnis der Verarbeitungst\u00e4tigkeiten<\/h2>\n<p>Wir haben ein Verzeichnis der Verarbeitungst\u00e4tigkeiten (interne Verwendung).<\/p>\n<h2>Einflussanalyse<\/h2>\n<p>Wir f\u00fchren regelm\u00e4\u00dfig Auswirkungsanalysen nach technologischen Aktualisierungen durch.<\/p>\n<h2>Datenverlust<\/h2>\n<p>Jede unbefugte Verarbeitung oder jeder Verlust personenbezogener Daten wird dem Datenschutzbeauftragten gemeldet.<\/p>\n<p><i>Icogne, den 1. September 2023<\/i><\/p>\n","protected":false},"excerpt":{"rendered":"<p>Datenschutzerkl\u00e4rung &#8211; macwin.ch Diese Datenschutzerkl\u00e4rung gilt f\u00fcr alle Produkte und Dienstleistungen von Macwin GmbH (nachfolgend Macwin). Das Recht auf Auskunft Sie haben ein Recht auf Auskunft \u00fcber Ihre personenbezogenen Daten, indem Sie sich an Macwin wenden. Wenn Sie unsere Website besuchen, erfassen unsere Server automatisch Informationen wie den von Ihnen verwendeten Internetbrowser und Ihr Betriebssystem, [&hellip;]<\/p>\n","protected":false},"author":3,"featured_media":0,"parent":0,"menu_order":0,"comment_status":"closed","ping_status":"closed","template":"","meta":{"inline_featured_image":false,"footnotes":""},"class_list":["post-29743","page","type-page","status-publish","hentry","has-post-title","has-post-date","has-post-category","has-post-tag","has-post-comment","has-post-author",""],"_links":{"self":[{"href":"https:\/\/www.macwin.ch\/de\/wp-json\/wp\/v2\/pages\/29743","targetHints":{"allow":["GET"]}}],"collection":[{"href":"https:\/\/www.macwin.ch\/de\/wp-json\/wp\/v2\/pages"}],"about":[{"href":"https:\/\/www.macwin.ch\/de\/wp-json\/wp\/v2\/types\/page"}],"author":[{"embeddable":true,"href":"https:\/\/www.macwin.ch\/de\/wp-json\/wp\/v2\/users\/3"}],"replies":[{"embeddable":true,"href":"https:\/\/www.macwin.ch\/de\/wp-json\/wp\/v2\/comments?post=29743"}],"version-history":[{"count":39,"href":"https:\/\/www.macwin.ch\/de\/wp-json\/wp\/v2\/pages\/29743\/revisions"}],"predecessor-version":[{"id":30729,"href":"https:\/\/www.macwin.ch\/de\/wp-json\/wp\/v2\/pages\/29743\/revisions\/30729"}],"wp:attachment":[{"href":"https:\/\/www.macwin.ch\/de\/wp-json\/wp\/v2\/media?parent=29743"}],"curies":[{"name":"wp","href":"https:\/\/api.w.org\/{rel}","templated":true}]}}