{"id":29720,"date":"2022-04-25T16:21:12","date_gmt":"2022-04-25T14:21:12","guid":{"rendered":"https:\/\/www4.macwin.ch\/?page_id=29720"},"modified":"2025-03-20T12:38:41","modified_gmt":"2025-03-20T11:38:41","slug":"fernwartung","status":"publish","type":"page","link":"https:\/\/www.macwin.ch\/de\/fernwartung\/","title":{"rendered":"Fernwartung"},"content":{"rendered":"<!--themify_builder_content-->\n<div id=\"themify_builder_content-29720\" data-postid=\"29720\" class=\"themify_builder_content themify_builder_content-29720 themify_builder tf_clear\">\n                    <div  data-lazy=\"1\" class=\"module_row themify_builder_row tb_epya212 tb_first tf_w\">\n                        <div class=\"row_inner col_align_top tb_col_count_1 tf_box tf_rel\">\n                        <div  data-lazy=\"1\" class=\"module_column tb-column col-full tb_ttgb213 first\">\n                    <!-- module fancy heading -->\n<div  class=\"module module-fancy-heading tb_nsrt5  tb_gs29013622\" data-lazy=\"1\">\n        <h1 class=\"fancy-heading tf_textc\">\n    <span class=\"main-head tf_block\">\n                    Fernwartung            <\/span>\n\n    \n    <span class=\"sub-head tf_block tf_rel\">\n                    Remote-Reparatur von Computern            <\/span>\n    <\/h1>\n<\/div>\n<!-- \/module fancy heading -->\n        <\/div>\n                        <\/div>\n        <\/div>\n                        <div  data-lazy=\"1\" class=\"module_row themify_builder_row tb_dbp9489 tf_w\">\n                        <div class=\"row_inner col_align_top tb_col_count_1 tf_box tf_rel\">\n                        <div  data-lazy=\"1\" class=\"module_column tb-column col-full tb_xvz0490 first\">\n                    <!-- module image -->\n<div  class=\"module module-image tb_n7nw485 image-center   tf_mw\" data-lazy=\"1\">\n        <div class=\"image-wrap tf_rel tf_mw\">\n            <img loading=\"lazy\" decoding=\"async\" src=\"https:\/\/www.macwin.ch\/wp-content\/uploads\/2022\/04\/Online-Konferenzen-ZOOM-800x400.jpg\" width=\"800\" height=\"400\" class=\"wp-post-image wp-image-29715\" title=\"Online-Konferenzen-ZOOM\" alt=\"Online-Konferenzen-ZOOM\">    \n        <\/div>\n    <!-- \/image-wrap -->\n    \n        <\/div>\n<!-- \/module image -->        <\/div>\n                        <\/div>\n        <\/div>\n                        <div  data-lazy=\"1\" class=\"module_row themify_builder_row tb_gs29023622 tb_cbyr920 tf_w\">\n                        <div class=\"row_inner col_align_top tb_col_count_1 tf_box tf_rel\">\n                        <div  data-lazy=\"1\" class=\"module_column tb-column col-full tb_l9sg921 first\">\n                    <!-- module text -->\n<div  class=\"module module-text tb_xbuj379   \" data-lazy=\"1\">\n        <div  class=\"tb_text_wrap\">\n        <p><strong>Keine endlosen Fahrten mehr!<\/strong> Die meisten Fehlerbehebungen k\u00f6nnen dank <strong>Fernwartung<\/strong> einfach aus der Ferne durchgef\u00fchrt werden.<\/p>\n<h2>Haben Sie einen Computerausfall?<\/h2>\n<p>Damit ein Ferneingriff (auch <strong>Fernwartung<\/strong> genannt) gut funktioniert, ben\u00f6tigen Sie eine Internetverbindung. Wir werden Sie anleiten, so viele Informationen wie m\u00f6glich \u00fcber die Panne und die letzten durchgef\u00fchrten Manipulationen zu sammeln.<\/p>\n<p>Ein Experte verbindet sich mit Ihrem Computer und repariert ihn live!<\/p>    <\/div>\n<\/div>\n<!-- \/module text --><!-- module text -->\n<div  class=\"module module-text tb_ib6t707    tb_gs29027622\" data-lazy=\"1\">\n        <div  class=\"tb_text_wrap\">\n        <p><strong>Computer-Fehlerbehebung, Reparatur von Computern, Laptops, Druckern, Wartung, Home- und Remote-Services.<\/strong><\/p>    <\/div>\n<\/div>\n<!-- \/module text --><!-- module text -->\n<div  class=\"module module-text tb_tjt8302   \" data-lazy=\"1\">\n        <div  class=\"tb_text_wrap\">\n        <p><b>Einfach, schnell und effizient, unsere Remote-Fehlerbehebung durch Fernwartung ist bei Benutzern sehr beliebt.<\/b><\/p>\n<p>Beispiele zur Fehlerbehebung: Ferndiagnose \/ Softwareinstallation \/ E-Mail-Konfiguration \/ Browser-Bereinigung etc. F\u00fcr zus\u00e4tzliche Anforderungen wenden Sie sich bitte an den Kundendienst.<\/p>\n<h3>Unsere erfahrenen Techniker beheben sowohl Einzelpersonen als auch Fachleute.<\/h3>\n<p>Sie haben Anspruch auf technischen Remote-Support, wenn sich Ihr Computer einschaltet und Sie die <b>Fernwartung<\/b> TeamViewer-Software starten oder installieren k\u00f6nnen.<\/p>\n<p>Ein Experte verbindet sich mit Ihrem Computer und repariert ihn live!<\/p>\n<p>Um Ihnen noch schneller zu helfen, k\u00f6nnen wir dank unseres <b>Fernwartungsprogramms<\/b> TeamViewer die Kontrolle \u00fcber Ihren Computer aus der Ferne \u00fcbernehmen.<\/p>\n<h3>Mac oder Windows: Welches Computersystem f\u00fcr mein Unternehmen?<\/h3>\n<p>Die Firma \u201emacwin\u201c besitzt eine <b>TeamViewer 11 Business Lizenz<\/b>. Wir bieten Ihnen einen schnellen und effizienten <b>Ferneingriff per Fernwartung!<\/b><\/p>\n<p><b>Computer-Fehlerbehebung auf Apple Macintosh und Windows, remote oder zu Hause!<\/b><\/p>\n<p>Wenn Sie auf dieser Seite landen, besteht eine gute Chance, dass Sie eine Computerreparatur ben\u00f6tigen, dies auch per <b>Fernwartung<\/b>. Seit mehr als 30 Jahren helfen wir unseren Kunden so schnell wie m\u00f6glich, wobei ihre Zufriedenheit an erster Stelle steht.<\/p>    <\/div>\n<\/div>\n<!-- \/module text --><!-- module text -->\n<div  class=\"module module-text tb_l7gk986   \" data-lazy=\"1\">\n        <div  class=\"tb_text_wrap\">\n        <h3>Unsere Dienstleistungen f\u00fcr Fernwartung:<\/h3>    <\/div>\n<\/div>\n<!-- \/module text --><!-- module text -->\n<div  class=\"module module-text tb_vd61389 checklist  \" data-lazy=\"1\">\n        <div  class=\"tb_text_wrap\">\n        <ul>\n<li><a href=\"\/de\/fernwartung\/\">Fehlerbehebung aus der Ferne (per Fernwartung oder Telefon)<\/a><\/li>\n<li><a href=\"https:\/\/download.teamviewer.com\/download\/TeamViewerQS.dmg\" target=\"_blank\" rel=\"noopener\">Fernwartung f\u00fcr Mac<\/a><\/li>\n<li><a href=\"https:\/\/download.teamviewer.com\/download\/TeamViewerQS_de.exe\" target=\"_blank\" rel=\"noopener\">Fernwartung f\u00fcr Windows<\/a><\/li>\n<li><a href=\"https:\/\/apps.apple.com\/ch\/app\/teamviewer-quicksupport\/id661649585?l=de\" target=\"_blank\" rel=\"noopener\">Fernwartung f\u00fcr iPhone und iPad<\/a><\/li>\n<li>Schnelle und professionelle Antwort<\/li>\n<li><a href=\"\/de\/fernwartung\/\">Teamviewer<\/a><\/li>\n<li>Garantierte Vertraulichkeit<\/li>\n<\/ul>    <\/div>\n<\/div>\n<!-- \/module text --><!-- module template_part -->\n<div  class=\"module module-layout-part tb_buae264 \">\n    <\/div>\n<!-- \/module template_part -->        <\/div>\n                        <\/div>\n        <\/div>\n        <\/div>\n<!--\/themify_builder_content-->\r\n<p><\/p>","protected":false},"excerpt":{"rendered":"<p>FernwartungRemote-Reparatur von Computern Keine endlosen Fahrten mehr! Die meisten Fehlerbehebungen k\u00f6nnen dank Fernwartung einfach aus der Ferne durchgef\u00fchrt werden. Haben Sie einen Computerausfall? Damit ein Ferneingriff (auch Fernwartung genannt) gut funktioniert, ben\u00f6tigen Sie eine Internetverbindung. Wir werden Sie anleiten, so viele Informationen wie m\u00f6glich \u00fcber die Panne und die letzten durchgef\u00fchrten Manipulationen zu sammeln. Ein [&hellip;]<\/p>\n","protected":false},"author":3,"featured_media":0,"parent":0,"menu_order":0,"comment_status":"closed","ping_status":"closed","template":"","meta":{"inline_featured_image":false,"footnotes":""},"class_list":["post-29720","page","type-page","status-publish","hentry","has-post-title","has-post-date","has-post-category","has-post-tag","has-post-comment","has-post-author",""],"_links":{"self":[{"href":"https:\/\/www.macwin.ch\/de\/wp-json\/wp\/v2\/pages\/29720","targetHints":{"allow":["GET"]}}],"collection":[{"href":"https:\/\/www.macwin.ch\/de\/wp-json\/wp\/v2\/pages"}],"about":[{"href":"https:\/\/www.macwin.ch\/de\/wp-json\/wp\/v2\/types\/page"}],"author":[{"embeddable":true,"href":"https:\/\/www.macwin.ch\/de\/wp-json\/wp\/v2\/users\/3"}],"replies":[{"embeddable":true,"href":"https:\/\/www.macwin.ch\/de\/wp-json\/wp\/v2\/comments?post=29720"}],"version-history":[{"count":12,"href":"https:\/\/www.macwin.ch\/de\/wp-json\/wp\/v2\/pages\/29720\/revisions"}],"predecessor-version":[{"id":31148,"href":"https:\/\/www.macwin.ch\/de\/wp-json\/wp\/v2\/pages\/29720\/revisions\/31148"}],"wp:attachment":[{"href":"https:\/\/www.macwin.ch\/de\/wp-json\/wp\/v2\/media?parent=29720"}],"curies":[{"name":"wp","href":"https:\/\/api.w.org\/{rel}","templated":true}]}}