{"id":29712,"date":"2022-04-21T09:46:12","date_gmt":"2022-04-21T07:46:12","guid":{"rendered":"https:\/\/www4.macwin.ch\/?page_id=29712"},"modified":"2024-03-09T17:42:29","modified_gmt":"2024-03-09T16:42:29","slug":"online-konferenzen-mit-zoom","status":"publish","type":"page","link":"https:\/\/www.macwin.ch\/de\/unsere-it-und-web-dienstleistungen\/online-konferenzen-mit-zoom\/","title":{"rendered":"Online-Konferenzen mit ZOOM"},"content":{"rendered":"<!--themify_builder_content-->\n<div id=\"themify_builder_content-29712\" data-postid=\"29712\" class=\"themify_builder_content themify_builder_content-29712 themify_builder tf_clear\">\n                    <div  data-lazy=\"1\" class=\"module_row themify_builder_row tb_epya212 tb_first tf_w\">\n                        <div class=\"row_inner col_align_top tb_col_count_1 tf_box tf_rel\">\n                        <div  data-lazy=\"1\" class=\"module_column tb-column col-full tb_ttgb213 first\">\n                    <!-- module fancy heading -->\n<div  class=\"module module-fancy-heading tb_nsrt5  tb_gs29013622\" data-lazy=\"1\">\n        <h1 class=\"fancy-heading tf_textc\">\n    <span class=\"main-head tf_block\">\n                    Online-Konferenzen             <\/span>\n\n    \n    <span class=\"sub-head tf_block tf_rel\">\n                    mit ZOOM            <\/span>\n    <\/h1>\n<\/div>\n<!-- \/module fancy heading -->\n        <\/div>\n                        <\/div>\n        <\/div>\n                        <div  data-lazy=\"1\" class=\"module_row themify_builder_row tb_dbp9489 tf_w\">\n                        <div class=\"row_inner col_align_top tb_col_count_1 tf_box tf_rel\">\n                        <div  data-lazy=\"1\" class=\"module_column tb-column col-full tb_xvz0490 first\">\n                    <!-- module image -->\n<div  class=\"module module-image tb_n7nw485 image-center  top tf_mw\" data-lazy=\"1\">\n        <div class=\"image-wrap tf_rel tf_mw\">\n            <img loading=\"lazy\" decoding=\"async\" src=\"https:\/\/www.macwin.ch\/wp-content\/uploads\/2022\/04\/Online-Konferenzen-ZOOM-800x400.jpg\" width=\"800\" height=\"400\" class=\"wp-post-image wp-image-29715\" title=\"Online-Konferenzen-ZOOM\" alt=\"Online-Konferenzen-ZOOM\">    \n        <\/div>\n    <!-- \/image-wrap -->\n    \n        <\/div>\n<!-- \/module image -->        <\/div>\n                        <\/div>\n        <\/div>\n                        <div  data-lazy=\"1\" class=\"module_row themify_builder_row tb_gs29023622 tb_cbyr920 tf_w\">\n                        <div class=\"row_inner col_align_top tb_col_count_1 tf_box tf_rel\">\n                        <div  data-lazy=\"1\" class=\"module_column tb-column col-full tb_l9sg921 first\">\n                    <!-- module text -->\n<div  class=\"module module-text tb_pg5t602   \" data-lazy=\"1\">\n        <div  class=\"tb_text_wrap\">\n        <p>Keine Seminare mehr am anderen Ende der Welt, die einen enormen Zeit- und Geldaufwand erfordern! <strong>Heute werden Online-Konferenzen digital<\/strong> und mit dem Webinar ist die Organisation einfacher denn je.<\/p>\n<h2>Wir organisieren Online-Konferenzen mit ZOOM.<\/h2>\n<p>Alles, was Sie tun m\u00fcssen, ist w\u00e4hrend des Webinars oder Meetings zu erscheinen und wir k\u00fcmmern uns um den Rest.<\/p>\n<p>Informationen zum <strong>Webinar, Verbindungslinks, Bestellformulare, Anmeldebest\u00e4tigungen, Wiederholungen (Replays)<\/strong> etc. werden direkt von uns verwaltet.<\/p>\n<p>Wir programmieren direkt die <strong>Verkaufsseiten sowie die Zahlungsformulare<\/strong> f\u00fcr Ihre <strong>Online-Konferenzen.<\/strong><\/p>    <\/div>\n<\/div>\n<!-- \/module text --><!-- module text -->\n<div  class=\"module module-text tb_4uvk667    tb_gs29027622\" data-lazy=\"1\">\n        <div  class=\"tb_text_wrap\">\n        <p>Wie organisiert man eine <strong>Online-Konferenz<\/strong>? <br>Wir beraten Sie hierzu pers\u00f6nlich.<\/p>    <\/div>\n<\/div>\n<!-- \/module text --><!-- module text -->\n<div  class=\"module module-text tb_6b57433   \" data-lazy=\"1\">\n        <div  class=\"tb_text_wrap\">\n        <p>Wir organisieren auch regelm\u00e4\u00dfig <strong>Masterclasses<\/strong>, damit Ihr Publikum Ihnen in ganz bestimmten Themen folgen kann.<\/p>\n<p>Die besten Tools, um ein Remote-Meeting per Video oder m\u00fcndlich zu organisieren! Videokonferenzdienste sind n\u00fctzlich, um Ihre Kunden oder Kollegen w\u00e4hrend der Telearbeit zu kontaktieren.<\/p>\n<h3>Entdecken Sie die Produkte und Tools, die eine optimale Zusammenarbeit an B\u00fcro- und Heimarbeitspl\u00e4tzen erm\u00f6glichen.<\/h3>\n<p>Webinar \u2013 oder Webinar \u2013 ist eine Abk\u00fcrzung f\u00fcr Web und Seminar. Das Webinar ist mehr als nur eine <strong>Online-Konferenz,<\/strong> es bietet Ihnen die M\u00f6glichkeit, Ihr Wissen zu teilen und zu vertiefen, ohne Ihr B\u00fcro oder Zuhause zu verlassen. Im Gegensatz zu Webkonferenzen, die seit Jahren in Unternehmen eingesetzt werden, k\u00f6nnen Sie mit diesem neuen Ansatz ein gr\u00f6\u00dferes und engagierteres Publikum erreichen. Dass sich Auditoren, die sich f\u00fcr die Teilnahme an der Ausbildung entschieden haben, fachlich und pers\u00f6nlich einbringen, versteht sich von selbst. Beachten Sie, dass sich die Hauptthemen des Webinars bisher auf neue Informationstechnologien und neue Berufe in der digitalen Welt beziehen.<\/p>    <\/div>\n<\/div>\n<!-- \/module text --><!-- module text -->\n<div  class=\"module module-text tb_mshb71    tb_gs29027622\" data-lazy=\"1\">\n        <div  class=\"tb_text_wrap\">\n        <p><strong>Heutzutage ist die Wiedergabe (Replays) eines Webinars genauso wichtig wie live,<\/strong> wenn nicht viel mehr!<\/p>    <\/div>\n<\/div>\n<!-- \/module text --><!-- module text -->\n<div  class=\"module module-text tb_nzqr360   \" data-lazy=\"1\">\n        <div  class=\"tb_text_wrap\">\n        <p>Sie m\u00fcssen noch wissen, wie Sie vorgehen und welche Strategie Sie verfolgen m\u00fcssen!<\/p>\n<p>Wir k\u00fcmmern uns um die <strong>Terminplanung und die Information der Teilnehmer am Tag nach dem Webinar oder der Online-Konferenz.<\/strong><\/p>    <\/div>\n<\/div>\n<!-- \/module text --><!-- module text -->\n<div  class=\"module module-text tb_ci5j583   \" data-lazy=\"1\">\n        <div  class=\"tb_text_wrap\">\n        <h3>Hier sind unsere Dienstleistungen f\u00fcr Online-Konferenzen:<\/h3>    <\/div>\n<\/div>\n<!-- \/module text --><!-- module text -->\n<div  class=\"module module-text tb_qwfq619 checklist  \" data-lazy=\"1\">\n        <div  class=\"tb_text_wrap\">\n        <ul>\n<li><a href=\"\/de\/unsere-it-und-web-dienstleistungen\/web-hosting\/\">Internet-Domain-Hosting<\/a><\/li>\n<li><a href=\"\/de\/unsere-it-und-web-dienstleistungen\/online-konferenzen-mit-zoom\/\">Konferenzen, Webinare und <strong>Online-Konferenzen<\/strong><\/a><\/li>\n<li>Erstellung von Verkaufs- und Registrierungsformularen<\/li>\n<li>Planen von Wiederholungen<\/li>\n<li>Zugriff auf Wiederholungen (Replays)<\/li>\n<li>Benutzer-Support<\/li>\n<li>Verwaltung von Affiliate-Provisionen<\/li>\n<li>Monatliche Verkaufsabrechnungen<\/li>\n<li>Monatliche Provisionszahlungen<\/li>\n<li><a href=\"\/de\/unsere-it-und-web-dienstleistungen\/online-konferenzen-mit-zoom\/\">Arbeiten Sie mit ZOOM<\/a><\/li>\n<li>SEO<\/li>\n<\/ul>    <\/div>\n<\/div>\n<!-- \/module text --><!-- module template_part -->\n<div  class=\"module module-layout-part tb_uyr2608 \">\n    <\/div>\n<!-- \/module template_part -->        <\/div>\n                        <\/div>\n        <\/div>\n        <\/div>\n<!--\/themify_builder_content-->","protected":false},"excerpt":{"rendered":"<p>Online-Konferenzen mit ZOOM Keine Seminare mehr am anderen Ende der Welt, die einen enormen Zeit- und Geldaufwand erfordern! Heute werden Online-Konferenzen digital und mit dem Webinar ist die Organisation einfacher denn je. Wir organisieren Online-Konferenzen mit ZOOM. Alles, was Sie tun m\u00fcssen, ist w\u00e4hrend des Webinars oder Meetings zu erscheinen und wir k\u00fcmmern uns um [&hellip;]<\/p>\n","protected":false},"author":3,"featured_media":0,"parent":29641,"menu_order":0,"comment_status":"closed","ping_status":"closed","template":"","meta":{"inline_featured_image":false,"footnotes":""},"class_list":["post-29712","page","type-page","status-publish","hentry","has-post-title","has-post-date","has-post-category","has-post-tag","has-post-comment","has-post-author",""],"_links":{"self":[{"href":"https:\/\/www.macwin.ch\/de\/wp-json\/wp\/v2\/pages\/29712","targetHints":{"allow":["GET"]}}],"collection":[{"href":"https:\/\/www.macwin.ch\/de\/wp-json\/wp\/v2\/pages"}],"about":[{"href":"https:\/\/www.macwin.ch\/de\/wp-json\/wp\/v2\/types\/page"}],"author":[{"embeddable":true,"href":"https:\/\/www.macwin.ch\/de\/wp-json\/wp\/v2\/users\/3"}],"replies":[{"embeddable":true,"href":"https:\/\/www.macwin.ch\/de\/wp-json\/wp\/v2\/comments?post=29712"}],"version-history":[{"count":11,"href":"https:\/\/www.macwin.ch\/de\/wp-json\/wp\/v2\/pages\/29712\/revisions"}],"predecessor-version":[{"id":30880,"href":"https:\/\/www.macwin.ch\/de\/wp-json\/wp\/v2\/pages\/29712\/revisions\/30880"}],"up":[{"embeddable":true,"href":"https:\/\/www.macwin.ch\/de\/wp-json\/wp\/v2\/pages\/29641"}],"wp:attachment":[{"href":"https:\/\/www.macwin.ch\/de\/wp-json\/wp\/v2\/media?parent=29712"}],"curies":[{"name":"wp","href":"https:\/\/api.w.org\/{rel}","templated":true}]}}