{"id":29703,"date":"2022-04-21T09:13:54","date_gmt":"2022-04-21T07:13:54","guid":{"rendered":"https:\/\/www4.macwin.ch\/?page_id=29703"},"modified":"2024-03-09T17:48:41","modified_gmt":"2024-03-09T16:48:41","slug":"web-hosting","status":"publish","type":"page","link":"https:\/\/www.macwin.ch\/de\/unsere-it-und-web-dienstleistungen\/web-hosting\/","title":{"rendered":"Web-Hosting"},"content":{"rendered":"<!--themify_builder_content-->\n<div id=\"themify_builder_content-29703\" data-postid=\"29703\" class=\"themify_builder_content themify_builder_content-29703 themify_builder tf_clear\">\n                    <div  data-lazy=\"1\" class=\"module_row themify_builder_row tb_epya212 tb_first tf_w\">\n                        <div class=\"row_inner col_align_top tb_col_count_1 tf_box tf_rel\">\n                        <div  data-lazy=\"1\" class=\"module_column tb-column col-full tb_ttgb213 first\">\n                    <!-- module fancy heading -->\n<div  class=\"module module-fancy-heading tb_nsrt5  tb_gs29013622\" data-lazy=\"1\">\n        <h1 class=\"fancy-heading tf_textc\">\n    <span class=\"main-head tf_block\">\n                    Web-Hosting            <\/span>\n\n    \n    <span class=\"sub-head tf_block tf_rel\">\n                    macwin.ch            <\/span>\n    <\/h1>\n<\/div>\n<!-- \/module fancy heading -->\n        <\/div>\n                        <\/div>\n        <\/div>\n                        <div  data-lazy=\"1\" class=\"module_row themify_builder_row tb_dbp9489 tf_w\">\n                        <div class=\"row_inner col_align_top tb_col_count_1 tf_box tf_rel\">\n                        <div  data-lazy=\"1\" class=\"module_column tb-column col-full tb_xvz0490 first\">\n                    <!-- module image -->\n<div  class=\"module module-image tb_n7nw485 image-center   tf_mw\" data-lazy=\"1\">\n        <div class=\"image-wrap tf_rel tf_mw\">\n            <img loading=\"lazy\" decoding=\"async\" src=\"https:\/\/www.macwin.ch\/wp-content\/uploads\/2022\/04\/Web-Hosting-800x400.jpg\" width=\"800\" height=\"400\" class=\"wp-post-image wp-image-29706\" title=\"Web-Hosting\" alt=\"Web-Hosting\">    \n        <\/div>\n    <!-- \/image-wrap -->\n    \n        <\/div>\n<!-- \/module image -->        <\/div>\n                        <\/div>\n        <\/div>\n                        <div  data-lazy=\"1\" class=\"module_row themify_builder_row tb_gs29023622 tb_cbyr920 tf_w\">\n                        <div class=\"row_inner col_align_top tb_col_count_1 tf_box tf_rel\">\n                        <div  data-lazy=\"1\" class=\"module_column tb-column col-full tb_l9sg921 first\">\n                    <!-- module text -->\n<div  class=\"module module-text tb_pg5t602   \" data-lazy=\"1\">\n        <div  class=\"tb_text_wrap\">\n        <h2>Was ist ein Domainname?<\/h2>\n<p>Der Domainname ist die Adresse einer Website. Es besteht aus einem Namen und einer Erweiterung.<\/p>\n<p>Beispiel:<br>www.macwin.ch<br>macwin = Name<br>.ch = Erweiterung<\/p>\n<p>Sie m\u00f6chten nur einen Internet-Domainnamen f\u00fcr ein sp\u00e4teres Projekt mit <strong>Web-Hosting<\/strong> reservieren? Dann kontaktieren Sie uns!<\/p>    <\/div>\n<\/div>\n<!-- \/module text --><!-- module text -->\n<div  class=\"module module-text tb_wwzb768    tb_gs29027622\" data-lazy=\"1\">\n        <div  class=\"tb_text_wrap\">\n        <p>Wenn Sie <strong>Webhosting<\/strong> erstellen m\u00f6chten, um Ihre Website zu gestalten, ist jetzt die Zeit, uns zu kontaktieren!<\/p>    <\/div>\n<\/div>\n<!-- \/module text --><!-- module text -->\n<div  class=\"module module-text tb_afy0753   \" data-lazy=\"1\">\n        <div  class=\"tb_text_wrap\">\n        <p>Wenn Sie Webhosting erstellen m\u00f6chten, um Ihre Website zu gestalten, ist jetzt die Zeit, uns zu kontaktieren!<\/p>\n<p>Um einen Online-Shop zu erstellen, ben\u00f6tigen Sie einen Domainnamen. Wir beraten Sie gerne.<\/p>\n<p>Es ist ein Bild von <b>Professionalit\u00e4t und Seriosit\u00e4t<\/b>, das wir zur\u00fccksenden. Jedes Unternehmen muss eine E-Mail-Adresse mit einem eigenen Dom\u00e4nennamen haben. Wir <b>hosten Ihre Web-Dom\u00e4ne in der Schweiz<\/b>. Das Leistungsspektrum reicht vom einfachen Messaging f\u00fcr die elektronische Kommunikation bis hin zu Komplettangeboten f\u00fcr Unternehmen.<\/p>\n<h2>Wir bieten Ihnen einen <b>qualitativ hochwertigen Webhosting-Service in der Schweiz<\/b>.<\/h2>\n<p>Damit eine Website funktioniert, m\u00fcssen Sie zuerst einen <b>Domainnamen<\/b> hosten, wie z. B.: google.ch, macwin.ch usw.<\/p>\n<p>Wir k\u00fcmmern uns um alles f\u00fcr die Registrierung Ihres Domainnamens.<\/p>\n<p>Sie zahlen eine j\u00e4hrliche Geb\u00fchr f\u00fcr das Hosting Ihrer Domains.<\/p>\n<p>Wir k\u00f6nnen auch <b>personalisierte E-Mail-Adressen<\/b> f\u00fcr Ihre Domain erstellen: info@google.com, info@monsite.com usw.<\/p>\n<p>Sie k\u00f6nnen von einer E-Mail-Software \u00fcber ein <b>IMAP\/POP\/SMTP<\/b>-Protokoll und\/oder von unserem <b>Webmail<\/b> direkt von Ihrem Browser aus auf Ihre E-Mail-Adressen zugreifen.<\/p>\n<p>Wir k\u00f6nnen auch <b>Hosting<\/b> f\u00fcr Ihre <b>WordPress<\/b>&#8211;<b>Website<\/b> oder ein anderes CMS (Content Management System) erstellen.<\/p>    <\/div>\n<\/div>\n<!-- \/module text --><!-- module text -->\n<div  class=\"module module-text tb_wrar614   \" data-lazy=\"1\">\n        <div  class=\"tb_text_wrap\">\n        <h3 style=\"text-align: center;\">Wir erstellen auch Ihre individuelle Website oder Ihr Online-Training :<\/h3>\n    <\/div>\n<\/div>\n<!-- \/module text --><!-- module buttons -->\n<div  class=\"module module-buttons tb_1t32317 buttons-horizontal solid  tb_gs29055623\" data-lazy=\"1\">\n        <div class=\"module-buttons-item tf_in_flx\">\n                        <a href=\"\/de\/unsere-it-und-web-dienstleistungen\/webseite-erstellen\/\" class=\"ui builder_button tf_in_flx brown\" >\n                                                Webseite erstellen                                        <\/a>\n                <\/div>\n                    <div class=\"module-buttons-item tf_in_flx\">\n                        <a href=\"\/nos-services-informatiques-et-internet\/creation-de-formation-en-ligne\/\" class=\"ui builder_button tf_in_flx yellow\" >\n                                                Erstellung von Online-Schulungen                                        <\/a>\n                <\/div>\n            <\/div>\n<!-- \/module buttons -->\n<!-- module text -->\n<div  class=\"module module-text tb_fwnm182   \" data-lazy=\"1\">\n        <div  class=\"tb_text_wrap\">\n        <h3>Hier sind unsere Dienstleistungen:<\/h3>\n    <\/div>\n<\/div>\n<!-- \/module text --><!-- module text -->\n<div  class=\"module module-text tb_qnr7392 checklist  \" data-lazy=\"1\">\n        <div  class=\"tb_text_wrap\">\n        <ul>\n<li>Websitehosting<\/li>\n<li>E-Mail mit pers\u00f6nlicher Domain<\/li>\n<li>Webmail-Login<\/li>\n<li>\u00dcberwachung Ihrer Domain<\/li>\n<\/ul>    <\/div>\n<\/div>\n<!-- \/module text --><!-- module text -->\n<div  class=\"module module-text tb_d8ln989   \" data-lazy=\"1\">\n        <div  class=\"tb_text_wrap\">\n        <h3>Wir hosten alle Arten von Domains:<br \/>\n<\/h3>\n    <\/div>\n<\/div>\n<!-- \/module text --><!-- module text -->\n<div  class=\"module module-text tb_vhlz502 domains  \" data-lazy=\"1\">\n        <div  class=\"tb_text_wrap\">\n        <p>.academy<br>.actor<br>.aero<br>.agency<br>.africa<br>.app<br>.art<br>.asia<br>.associates<br>.audio<br>.autos<br>.band<br>.bar<br>.be.<br>.best<br>.biz<br>.blog<br>.boutique<br>.business<br>.buzz<br>.cafe<br>.cam<br>.camera<br>.capital<br>.care<br>.cash<br>.ch<br>.chat<br>.christmas<br>.click<br>.cloud<br>.club<br>.coach<br>.coffee<br>.com<br>.company<br>.computer<br>.consulting<br>.cooking<br>.cool<br>.country<br>.credit<br>.creditcard<br>.dance<br>.de<br>.design<br>.dev<br>.digital<br>.direct<br>.directory<br>.doctor<br>.dog<br>.domains<br>.downloads<br>.eco<br>.email<br>.energy<br>.engineer<br>.engineering<br>.entreprise<br>.equipment<br>.expert<br>.express<br>.family<br>.fans<br>.finance<br>.film<br>.fish<br>.fit<br>.fitness<br>.fr<br>.fun<br>.gallery<br>.game<br>.games<br>.global<br>.gmbh<br>.golf<br>.graphics<br>.group<br>.guide<br>.guitars<br>.healthcare<br>.help<br>.holdings<br>.homes<br>.horse<br>.host<br>.hosting<br>.immo<br>.inc<br>.industries<br>.info<br>.international<br>.jetzt<br>.jobs<br>.it<br>.legal<br>.li<br>.life<br>.limited<br>.link<br>.live<br>.ltd<br>.lol<br>.love<br>.management<br>.market<br>.marketing<br>.me<br>.media<br>.menu<br>.mobi<br>.money<br>.museum<br>.name<br>.net<br>.network<br>.news<br>.one<br>.ong<br>.online<br>.org<br>.page<br>.partners<br>.party<br>.photo<br>.photography<br>.photos<br>.pics<br>.pictures<br>.pizza<br>.press<br>.pro<br>.productions<br>.promo<br>.protection<br>.pub<br>.radio<br>.reisen<br>.repair<br>.restaurant<br>.sarl<br>.science<br>.security<br>.services<br>.shop<br>.shopping<br>.show<br>.site<br>.ski<br>.social<br>.software<br>.solutions<br>.space<br>.sport<br>.storage<br>.store<br>.stream<br>.studio<br>.support<br>.swiss<br>.taxi<br>.team<br>.tech<br>.technology<br>.tennis<br>.theater<br>.theatre<br>.tips<br>.today<br>.tools<br>.top<br>.tours<br>.trading<br>.training<br>.travel<br>.tube<br>.tv<br>.uno<br>.video<br>.vin<br>.vision<br>.voyage<br>.watch<br>.webcam<br>.website<br>.wiki<br>.win<br>.wine<br>.work<br>.works<br>.world<br>.yoga<br>.zone<\/p>    <\/div>\n<\/div>\n<!-- \/module text --><!-- module text -->\n<div  class=\"module module-text tb_oh2t74   \" data-lazy=\"1\">\n        <div  class=\"tb_text_wrap\">\n        <p style=\"text-align: center;\"><strong>Wir bieten auch Erweiterungen f\u00fcr alle L\u00e4nder an, sowie weitere Erweiterungen auf Anfrage.<\/strong><\/p>\n    <\/div>\n<\/div>\n<!-- \/module text --><!-- module template_part -->\n<div  class=\"module module-layout-part tb_4mzb388 \">\n    <div class=\"tb_layout_part_wrap tf_w\"><!--themify_builder_content-->\n    <div  class=\"themify_builder_content themify_builder_content-29139 themify_builder not_editable_builder in_the_loop\" data-postid=\"29139\">\n                        <div  data-lazy=\"1\" class=\"module_row themify_builder_row news-fr tb_gs29781626 tb_3nc2984 tf_w\">\n                        <div class=\"row_inner col_align_top tb_col_count_1 tf_box tf_rel\">\n                        <div  data-lazy=\"1\" class=\"module_column tb-column col-full tb_x289986 first\">\n                    <!-- module buttons -->\n<div  class=\"module module-buttons tb_irf5455 buttons-horizontal outline  large\" data-lazy=\"1\">\n        <div class=\"module-buttons-item tf_in_flx\">\n                        <a href=\"\/contact\" class=\"ui builder_button tf_in_flx tb_default_color\" >\n                                                Contactez-nous pour plus d'informations !                                        <\/a>\n                <\/div>\n            <\/div>\n<!-- \/module buttons -->\n        <\/div>\n                        <\/div>\n        <\/div>\n            <\/div>\n<!--\/themify_builder_content--><\/div>\n<\/div>\n<!-- \/module template_part -->        <\/div>\n                        <\/div>\n        <\/div>\n        <\/div>\n<!--\/themify_builder_content-->\r\n<p>&nbsp;<\/p>","protected":false},"excerpt":{"rendered":"<p>Web-Hostingmacwin.ch Was ist ein Domainname? Der Domainname ist die Adresse einer Website. Es besteht aus einem Namen und einer Erweiterung. Beispiel:www.macwin.chmacwin = Name.ch = Erweiterung Sie m\u00f6chten nur einen Internet-Domainnamen f\u00fcr ein sp\u00e4teres Projekt mit Web-Hosting reservieren? Dann kontaktieren Sie uns! Wenn Sie Webhosting erstellen m\u00f6chten, um Ihre Website zu gestalten, ist jetzt die Zeit, [&hellip;]<\/p>\n","protected":false},"author":3,"featured_media":0,"parent":29641,"menu_order":0,"comment_status":"closed","ping_status":"closed","template":"","meta":{"inline_featured_image":false,"footnotes":""},"class_list":["post-29703","page","type-page","status-publish","hentry","has-post-title","has-post-date","has-post-category","has-post-tag","has-post-comment","has-post-author",""],"_links":{"self":[{"href":"https:\/\/www.macwin.ch\/de\/wp-json\/wp\/v2\/pages\/29703","targetHints":{"allow":["GET"]}}],"collection":[{"href":"https:\/\/www.macwin.ch\/de\/wp-json\/wp\/v2\/pages"}],"about":[{"href":"https:\/\/www.macwin.ch\/de\/wp-json\/wp\/v2\/types\/page"}],"author":[{"embeddable":true,"href":"https:\/\/www.macwin.ch\/de\/wp-json\/wp\/v2\/users\/3"}],"replies":[{"embeddable":true,"href":"https:\/\/www.macwin.ch\/de\/wp-json\/wp\/v2\/comments?post=29703"}],"version-history":[{"count":8,"href":"https:\/\/www.macwin.ch\/de\/wp-json\/wp\/v2\/pages\/29703\/revisions"}],"predecessor-version":[{"id":30896,"href":"https:\/\/www.macwin.ch\/de\/wp-json\/wp\/v2\/pages\/29703\/revisions\/30896"}],"up":[{"embeddable":true,"href":"https:\/\/www.macwin.ch\/de\/wp-json\/wp\/v2\/pages\/29641"}],"wp:attachment":[{"href":"https:\/\/www.macwin.ch\/de\/wp-json\/wp\/v2\/media?parent=29703"}],"curies":[{"name":"wp","href":"https:\/\/api.w.org\/{rel}","templated":true}]}}