{"id":29686,"date":"2022-04-20T15:44:49","date_gmt":"2022-04-20T13:44:49","guid":{"rendered":"https:\/\/www4.macwin.ch\/?page_id=29686"},"modified":"2024-03-09T17:50:33","modified_gmt":"2024-03-09T16:50:33","slug":"datenwiederherstellung","status":"publish","type":"page","link":"https:\/\/www.macwin.ch\/de\/unsere-it-und-web-dienstleistungen\/datenwiederherstellung\/","title":{"rendered":"Datenwiederherstellung"},"content":{"rendered":"<!--themify_builder_content-->\n<div id=\"themify_builder_content-29686\" data-postid=\"29686\" class=\"themify_builder_content themify_builder_content-29686 themify_builder tf_clear\">\n                    <div  data-lazy=\"1\" class=\"module_row themify_builder_row tb_epya212 tb_first tf_w\">\n                        <div class=\"row_inner col_align_top tb_col_count_1 tf_box tf_rel\">\n                        <div  data-lazy=\"1\" class=\"module_column tb-column col-full tb_ttgb213 first\">\n                    <!-- module fancy heading -->\n<div  class=\"module module-fancy-heading tb_nsrt5  tb_gs29013622\" data-lazy=\"1\">\n        <h1 class=\"fancy-heading tf_textc\">\n    <span class=\"main-head tf_block\">\n                    Datenwiederherstellung            <\/span>\n\n    \n    <span class=\"sub-head tf_block tf_rel\">\n                    macwin.ch            <\/span>\n    <\/h1>\n<\/div>\n<!-- \/module fancy heading -->\n        <\/div>\n                        <\/div>\n        <\/div>\n                        <div  data-lazy=\"1\" class=\"module_row themify_builder_row tb_dbp9489 tf_w\">\n                        <div class=\"row_inner col_align_top tb_col_count_1 tf_box tf_rel\">\n                        <div  data-lazy=\"1\" class=\"module_column tb-column col-full tb_xvz0490 first\">\n                    <!-- module image -->\n<div  class=\"module module-image tb_n7nw485 image-center   tf_mw\" data-lazy=\"1\">\n        <div class=\"image-wrap tf_rel tf_mw\">\n            <img loading=\"lazy\" decoding=\"async\" src=\"https:\/\/www.macwin.ch\/wp-content\/uploads\/2022\/04\/Datenwiederherstellung-800x400.jpg\" width=\"800\" height=\"400\" class=\"wp-post-image wp-image-29690\" title=\"Datenwiederherstellung\" alt=\"Datenwiederherstellung\">    \n        <\/div>\n    <!-- \/image-wrap -->\n    \n        <\/div>\n<!-- \/module image -->        <\/div>\n                        <\/div>\n        <\/div>\n                        <div  data-lazy=\"1\" class=\"module_row themify_builder_row tb_gs29023622 tb_cbyr920 tf_w\">\n                        <div class=\"row_inner col_align_top tb_col_count_1 tf_box tf_rel\">\n                        <div  data-lazy=\"1\" class=\"module_column tb-column col-full tb_l9sg921 first\">\n                    <!-- module text -->\n<div  class=\"module module-text tb_pg5t602   \" data-lazy=\"1\">\n        <div  class=\"tb_text_wrap\">\n        <p>Der Verlust von Daten kann schnell zu einem Albtraum werden, wenn es sich um wichtige oder sensible Daten handelt. Es ist nie angenehm, eine wichtige Pr\u00e4sentation, ein laufendes Projekt oder unersetzliche Erinnerungsfotos zu verlieren. Wenn diese Daten gel\u00f6scht werden, herrscht oft Panik.<\/p>    <\/div>\n<\/div>\n<!-- \/module text --><!-- module text -->\n<div  class=\"module module-text tb_wwzb768    tb_gs29027622\" data-lazy=\"1\">\n        <div  class=\"tb_text_wrap\">\n        <p>Ihre Festplatte ist ausgefallen \u2013 Sind Ihre Daten verloren?<br>Ihr Telefon ist kaputt \u2013 Sind Ihre Daten verloren?<\/p>    <\/div>\n<\/div>\n<!-- \/module text --><!-- module text -->\n<div  class=\"module module-text tb_3zos677   \" data-lazy=\"1\">\n        <div  class=\"tb_text_wrap\">\n        <h2>Softwarewiederherstellung<\/h2>\n<p>Sie haben die folgenden Manipulationen durchgef\u00fchrt:<\/p>\n<ul>\n<li>Ihre Daten formatiert oder gel\u00f6scht<\/li>\n<li>Ihr Betriebssystem neu installiert<\/li>\n<li>Ihre Punktzahl ist nicht mehr sichtbar<\/li>\n<li>Ihr Betriebssystem startet nicht mehr<\/li>\n<li>Ihre Daten nicht mehr zug\u00e4nglich sind<\/li>\n<\/ul>\n<p>&#8230; das Problem ist definitiv die Software.<\/p>\n<p>Wir kopieren Ihre Medien auf eine tempor\u00e4re Festplatte. Anschlie\u00dfend analysieren wir diese Sicherungskopie, um Ihre Daten zu extrahieren, die wir Ihnen auf einem neuen Medium zusenden.<\/p>\n<h2><b>Physische Datenwiederherstellung<\/b><\/h2>    <\/div>\n<\/div>\n<!-- \/module text --><!-- module text -->\n<div  class=\"module module-text tb_omq4350   \" data-lazy=\"1\">\n        <div  class=\"tb_text_wrap\">\n        <p><strong>Ihr Datentr\u00e4ger hat folgendes erlebt:<\/strong><\/p>\n<ul>\n<li>ein Sto\u00df oder ein Sturz<\/li>\n<li>Feuer oder \u00dcberschwemmung<\/li>\n<li>Blitzschlag oder \u00dcberspannung<\/li>\n<\/ul>\n<p><strong>oder Ihr Datentr\u00e4ger:<\/strong><\/p>\n<ul>\n<li>wird im BIOS nicht mehr erkannt<\/li>\n<li>macht seltsame Ger\u00e4usche (klack-klack)<\/li>\n<li>startet nicht<\/li>\n<\/ul>    <\/div>\n<\/div>\n<!-- \/module text --><!-- module text -->\n<div  class=\"module module-text tb_gr56849   \" data-lazy=\"1\">\n        <div  class=\"tb_text_wrap\">\n        <p>&#8230; das Problem ist sicherlich <strong>physisch<\/strong>.<\/p>\n<p>Bei Bedarf \u00f6ffnen wir Ihren Support in einem Reinraum. Wir reparieren es und kopieren es auf eine tempor\u00e4re Festplatte. Wir analysieren diese Sicherungskopie, um Ihre Daten durch <strong>Datenwiederherstellung<\/strong> zu extrahieren, die wir Ihnen auf einem neuen Medium zusenden.<\/p>    <\/div>\n<\/div>\n<!-- \/module text --><!-- module text -->\n<div  class=\"module module-text tb_hypu789   \" data-lazy=\"1\">\n        <div  class=\"tb_text_wrap\">\n        <h3>Da wir Computer massiv nutzen, haben wir alle die Erfahrung gemacht, dass unsere interne oder externe Festplatte kaputt gegangen ist.<\/h3>\n<p>\u00dcber die wirtschaftlichen Zw\u00e4nge hinaus ist es in der Regel der Verlust unserer Daten, der uns zu schaffen macht. Mit Macwin.ch k\u00f6nnen Sie alle Daten von einer defekten internen oder externen Festplatte wiederherstellen.<\/p>\n<p>Wenn Ihre Festplatte auf keine Anfragen mehr reagiert, k\u00f6nnen wir sagen, dass sie tot ist. Sie h\u00f6ren m\u00f6glicherweise Vibrationsger\u00e4usche, wenn Sie versuchen, Ihren Computer zu starten. Bald darauf kann der Boot-Versuch aufh\u00f6ren und auf nichts mehr zugegriffen werden, einschlie\u00dflich der Daten auf der toten Festplatte. Bevor Sie zur Reparatur einer toten Festplatte \u00fcbergehen, machen Sie sich m\u00f6glicherweise Sorgen, dass Sie Ihre urspr\u00fcnglich auf der toten Festplatte gespeicherten Daten verlieren k\u00f6nnten. Hier zeigen wir Ihnen ein professionelles Festplatten-<strong>Datenwiederherstellungsprogramm<\/strong>, wie Sie Daten von einer toten Festplatte <strong>wiederherstellen<\/strong>, wie Sie feststellen k\u00f6nnen, ob Ihre Festplatte tot ist, und einige Tipps zur <strong>Festplattenwiederherstellung<\/strong>.<\/p>\n<p>Eine abst\u00fcrzende Festplatte ist wahrscheinlich ein Albtraum f\u00fcr alle. Wir alle verwenden die Hauptfestplatte unseres Systems, um unsere wichtigen und h\u00e4ufig aufgerufenen Inhalte zu speichern. Daher kann eine besch\u00e4digte Festplatte zur Unzug\u00e4nglichkeit oder zum dauerhaften Verlust unserer Daten f\u00fchren.<\/p>\n<h3>Gl\u00fccklicherweise gibt es spezialisierte Tools, mit denen Sie Daten von einer abgest\u00fcrzten internen Festplatte wiederherstellen k\u00f6nnen.<\/h3>\n<p>Die erste Vorsichtsma\u00dfnahme ist nat\u00fcrlich, die Situation nicht noch schlimmer zu machen ;-). Eine Festplatte ist zerbrechlich, besonders wenn eine ihrer Komponenten nicht mehr in einwandfreiem Zustand ist. Au\u00dferdem kann jede falsche Handhabung oder unangemessene Behandlung die Wiederherstellung der Daten erschweren. Das \u00d6ffnen und Schlie\u00dfen des Computers oder das Installieren neuer Software k\u00f6nnte eine Wirkung haben, die der beabsichtigten radikal entgegengesetzt ist, und w\u00fcrde die Chancen verringern, dass die Daten intakt wiederhergestellt werden<\/p>    <\/div>\n<\/div>\n<!-- \/module text --><!-- module text -->\n<div  class=\"module module-text tb_7zo2163    tb_gs29027622\" data-lazy=\"1\">\n        <div  class=\"tb_text_wrap\">\n        <p>DER ultimative Ratschlag und nicht zuletzt: Niemals eine Festplatte im Freien \u00f6ffnen! ! !<\/p>    <\/div>\n<\/div>\n<!-- \/module text -->        <div  data-lazy=\"1\" class=\"module_subrow themify_builder_sub_row tf_w col_align_top tb_col_count_2 tb_vxgz235\">\n                <div  data-lazy=\"1\" class=\"module_column sub_column tb_s1hv240 first\">\n                    <!-- module text -->\n<div  class=\"module module-text tb_ooy3795   \" data-lazy=\"1\">\n        <div  class=\"tb_text_wrap\">\n        <h4>Wiederherstellbare Systeme<br \/>\n<\/h4>\n    <\/div>\n<\/div>\n<!-- \/module text --><!-- module text -->\n<div  class=\"module module-text tb_2bf0902   \" data-lazy=\"1\">\n        <div  class=\"tb_text_wrap\">\n        <p>&#8211; Festplatte<br>&#8211; Solid-State-Laufwerk<br>&#8211; RAID-Systeme<br>&#8211; USB-Schl\u00fcssel<br>&#8211; SD\/SDHC<br>&#8211; Touchpad<br>&#8211; CDs\/DVDs<br>&#8211; Handy<br>&#8211; B\u00e4nder<br>&#8211; NAS\/SAN<\/p>    <\/div>\n<\/div>\n<!-- \/module text -->        <\/div>\n                    <div  data-lazy=\"1\" class=\"module_column sub_column tb_2zos48 last\">\n                    <!-- module text -->\n<div  class=\"module module-text tb_xtfz48   \" data-lazy=\"1\">\n        <div  class=\"tb_text_wrap\">\n        <h4>Wiederherstellbare Marken<br \/>\n<\/h4>\n    <\/div>\n<\/div>\n<!-- \/module text --><!-- module text -->\n<div  class=\"module module-text tb_fzjc48   \" data-lazy=\"1\">\n        <div  class=\"tb_text_wrap\">\n        <p>&#8211; Apple\/Linux\/PC<br>&#8211; Seagate<br>&#8211; Western Digital<br>&#8211; Maxtor<br>&#8211; Quantum<br>&#8211; Samsung<br>&#8211; Fujitsu<br>&#8211; Hitachi<br>&#8211; ExcelStor<br>&#8211; Toshiba<br>&#8211; Dell PERC<br>&#8211; HP SmartArray<br>&#8211; Qnap<br>&#8211; Buffalo<br>&#8211; Synology<br>&#8211; LaCie<\/p>    <\/div>\n<\/div>\n<!-- \/module text -->        <\/div>\n                    <\/div>\n        <!-- module text -->\n<div  class=\"module module-text tb_d8ln989   \" data-lazy=\"1\">\n        <div  class=\"tb_text_wrap\">\n        <h3>Wir bieten Ihnen eine Datenwiederherstellung:<\/h3>    <\/div>\n<\/div>\n<!-- \/module text --><!-- module text -->\n<div  class=\"module module-text tb_qnr7392 checklist  \" data-lazy=\"1\">\n        <div  class=\"tb_text_wrap\">\n        <ul>\n<li>Wir retten Ihre Daten in einem Reinraum<\/li>\n<li>Wir senden Ihnen Ihre Daten auf Festplatte zu<\/li>\n<li>Wir verkaufen Ihnen ein Neuger\u00e4t<\/li>\n<li>Wir geben Ihnen die Daten auf dem neuen Ger\u00e4t<\/li>\n<li>Schnelle und professionelle Antwort<\/li>\n<li>Vertraulichkeit ist gew\u00e4hrleistet<\/li>\n<\/ul>    <\/div>\n<\/div>\n<!-- \/module text --><!-- module template_part -->\n<div  class=\"module module-layout-part tb_9q14117 \">\n    <\/div>\n<!-- \/module template_part -->        <\/div>\n                        <\/div>\n        <\/div>\n        <\/div>\n<!--\/themify_builder_content-->\r\n<p>&nbsp;<\/p>","protected":false},"excerpt":{"rendered":"<p>Datenwiederherstellungmacwin.ch Der Verlust von Daten kann schnell zu einem Albtraum werden, wenn es sich um wichtige oder sensible Daten handelt. Es ist nie angenehm, eine wichtige Pr\u00e4sentation, ein laufendes Projekt oder unersetzliche Erinnerungsfotos zu verlieren. Wenn diese Daten gel\u00f6scht werden, herrscht oft Panik. Ihre Festplatte ist ausgefallen \u2013 Sind Ihre Daten verloren?Ihr Telefon ist kaputt [&hellip;]<\/p>\n","protected":false},"author":3,"featured_media":0,"parent":29641,"menu_order":0,"comment_status":"closed","ping_status":"closed","template":"","meta":{"inline_featured_image":false,"footnotes":""},"class_list":["post-29686","page","type-page","status-publish","hentry","has-post-title","has-post-date","has-post-category","has-post-tag","has-post-comment","has-post-author",""],"_links":{"self":[{"href":"https:\/\/www.macwin.ch\/de\/wp-json\/wp\/v2\/pages\/29686","targetHints":{"allow":["GET"]}}],"collection":[{"href":"https:\/\/www.macwin.ch\/de\/wp-json\/wp\/v2\/pages"}],"about":[{"href":"https:\/\/www.macwin.ch\/de\/wp-json\/wp\/v2\/types\/page"}],"author":[{"embeddable":true,"href":"https:\/\/www.macwin.ch\/de\/wp-json\/wp\/v2\/users\/3"}],"replies":[{"embeddable":true,"href":"https:\/\/www.macwin.ch\/de\/wp-json\/wp\/v2\/comments?post=29686"}],"version-history":[{"count":8,"href":"https:\/\/www.macwin.ch\/de\/wp-json\/wp\/v2\/pages\/29686\/revisions"}],"predecessor-version":[{"id":30902,"href":"https:\/\/www.macwin.ch\/de\/wp-json\/wp\/v2\/pages\/29686\/revisions\/30902"}],"up":[{"embeddable":true,"href":"https:\/\/www.macwin.ch\/de\/wp-json\/wp\/v2\/pages\/29641"}],"wp:attachment":[{"href":"https:\/\/www.macwin.ch\/de\/wp-json\/wp\/v2\/media?parent=29686"}],"curies":[{"name":"wp","href":"https:\/\/api.w.org\/{rel}","templated":true}]}}