{"id":29678,"date":"2022-04-20T15:31:13","date_gmt":"2022-04-20T13:31:13","guid":{"rendered":"https:\/\/www4.macwin.ch\/?page_id=29678"},"modified":"2024-03-09T17:52:44","modified_gmt":"2024-03-09T16:52:44","slug":"datensicherung-mac-und-windows","status":"publish","type":"page","link":"https:\/\/www.macwin.ch\/de\/unsere-it-und-web-dienstleistungen\/datensicherung-mac-und-windows\/","title":{"rendered":"Datensicherung Mac und Windows"},"content":{"rendered":"<!--themify_builder_content-->\n<div id=\"themify_builder_content-29678\" data-postid=\"29678\" class=\"themify_builder_content themify_builder_content-29678 themify_builder tf_clear\">\n                    <div  data-lazy=\"1\" class=\"module_row themify_builder_row tb_epya212 tb_first tf_w\">\n                        <div class=\"row_inner col_align_top tb_col_count_1 tf_box tf_rel\">\n                        <div  data-lazy=\"1\" class=\"module_column tb-column col-full tb_ttgb213 first\">\n                    <!-- module fancy heading -->\n<div  class=\"module module-fancy-heading tb_nsrt5  tb_gs29013622\" data-lazy=\"1\">\n        <h1 class=\"fancy-heading tf_textc\">\n    <span class=\"main-head tf_block\">\n                    Datensicherung Mac und Windows            <\/span>\n\n    \n    <span class=\"sub-head tf_block tf_rel\">\n                    macwin.ch            <\/span>\n    <\/h1>\n<\/div>\n<!-- \/module fancy heading -->\n        <\/div>\n                        <\/div>\n        <\/div>\n                        <div  data-lazy=\"1\" class=\"module_row themify_builder_row tb_dbp9489 tf_w\">\n                        <div class=\"row_inner col_align_top tb_col_count_1 tf_box tf_rel\">\n                        <div  data-lazy=\"1\" class=\"module_column tb-column col-full tb_xvz0490 first\">\n                    <!-- module image -->\n<div  class=\"module module-image tb_n7nw485 image-center   tf_mw\" data-lazy=\"1\">\n        <div class=\"image-wrap tf_rel tf_mw\">\n            <img loading=\"lazy\" decoding=\"async\" src=\"https:\/\/www.macwin.ch\/wp-content\/uploads\/2022\/04\/Datensicherung-lokal-und-Cloud-800x400.jpg\" width=\"800\" height=\"400\" class=\"wp-post-image wp-image-29682\" title=\"Datensicherung-lokal-und-Cloud\" alt=\"Datensicherung-lokal-und-Cloud\">    \n        <\/div>\n    <!-- \/image-wrap -->\n    \n        <\/div>\n<!-- \/module image -->        <\/div>\n                        <\/div>\n        <\/div>\n                        <div  data-lazy=\"1\" class=\"module_row themify_builder_row tb_gs29023622 tb_cbyr920 tf_w\">\n                        <div class=\"row_inner col_align_top tb_col_count_1 tf_box tf_rel\">\n                        <div  data-lazy=\"1\" class=\"module_column tb-column col-full tb_l9sg921 first\">\n                    <!-- module text -->\n<div  class=\"module module-text tb_cx5l903   \" data-lazy=\"1\">\n        <div  class=\"tb_text_wrap\">\n        <h2>Mit welcher L\u00f6sung sollten Unternehmen ihre Mac und Windows-Dokumente und Datensicherungen archivieren?<\/h2>\n<p>Network Attached Storage (NAS) und Cloud-Speicher haben zwei weit verbreitete Optionen. Wir bieten L\u00f6sungen mit Synology NAS an.<\/p>    <\/div>\n<\/div>\n<!-- \/module text --><!-- module text -->\n<div  class=\"module module-text tb_pg5t602   \" data-lazy=\"1\">\n        <div  class=\"tb_text_wrap\">\n        <p>Viele KMU haben ein IT-System, das sie im Laufe der Zeit aufgebaut haben. Eines Tages verlegten sie Ethernet-Kabel zu ihrem Standort, um das lokale Netzwerk zu erstellen, und installierten einen Switch, um angeschlossenen Computern den Zugriff auf das Internet und den lokalen Server zu erm\u00f6glichen. Sp\u00e4ter, als ihr Datenvolumen weiter wuchs, f\u00fcgten sie eine Netzwerkspeicherl\u00f6sung hinzu. Dieses NAS (Network Attached Storage) erf\u00fcllt weiterhin seine Rolle als zentrales Archivierungsger\u00e4t f\u00fcr die verschiedenen Unternehmensdokumente und als Speicherort f\u00fcr den lokalen Server.<\/p>    <\/div>\n<\/div>\n<!-- \/module text --><!-- module text -->\n<div  class=\"module module-text tb_wwzb768    tb_gs29027622\" data-lazy=\"1\">\n        <div  class=\"tb_text_wrap\">\n        <p><strong>Sichern<\/strong> Sie Ihre <strong>Mac<\/strong> und <strong>Windows<\/strong> Daten so, wie sie es verdienen!<\/p>    <\/div>\n<\/div>\n<!-- \/module text --><!-- module text -->\n<div  class=\"module module-text tb_3zos677   \" data-lazy=\"1\">\n        <div  class=\"tb_text_wrap\">\n        <h2>Vertrauen Sie uns Ihre Daten an, wir k\u00fcmmern uns um alles.<\/h2>\n<p>Mit Swiss Backup (Acronis), Carbon Copy Cloner, SuperDuper, ChronoSync, Retrospect und TimeMachine werden Ihre Dateien automatisch und regelm\u00e4ssig in der Cloud auf einen hochverf\u00fcgbaren Speicherplatz dupliziert. Ihre Dokumente sind nicht nur gesch\u00fctzt, sondern dank automatischer Verschl\u00fcsselung auch vor neugierigen Blicken gesch\u00fctzt.<\/p>\n<h3>Wir bieten Backup-Software wie ChronoSync, Retrospect, Acronis Backup, TimeMachine f\u00fcr die Datensicherung von Mac und Windows.<\/h3>\n<p>Ob Sie eine Sammlung von Bildern, ein gro\u00dfes Video, eine CAD-Datei, ein externes Laufwerk oder ganze Ordner <b>sichern<\/b> m\u00f6chten, Sie k\u00f6nnen alle Ihre wichtigen Dateien sicher in Ihrem Dropbox-Konto speichern. Indem Sie von jedem Ger\u00e4t, jeder Plattform und jedem Betriebssystem aus auf Ihre Dropbox-Dateien zugreifen, k\u00f6nnen Sie ganz einfach an Ihren Projekten zusammenarbeiten. Sie haben keine Internetverbindung? Kein Problem. Mit Dropbox k\u00f6nnen Sie mit Ihren Dateien offline arbeiten, von Ihrem Desktop-Computer, Android-Ger\u00e4t, iPhone oder iPad. Sobald Sie sich angemeldet haben, werden Ihre Dateien und Ordner automatisch synchronisiert, um die neuesten \u00c4nderungen zu \u00fcbernehmen.<\/p>\n<p>Der Verlust von Arbeitsdokumenten oder wertvollen Familienfotos ist nie angenehm. Aus diesem Grund erleichtern <b>Cloud<\/b>&#8211;<b>Backup<\/b>-Dienste f\u00fcr <b>Mac<\/b> und <b>Windows<\/b> die Wiederherstellung Ihrer Dateien, wenn Sie beispielsweise Ihr Telefon verlieren oder Ihre externe Festplatte ausf\u00e4llt. Wenn Sie eine Datei in Ihrem Dropbox-Ordner oder im Internet verschieben oder l\u00f6schen, zeigen wir eine Best\u00e4tigungsmeldung an, in der Sie gefragt werden, ob Sie fortfahren m\u00f6chten. Dadurch k\u00f6nnen wir versehentliche Dateil\u00f6schungen reduzieren. Sie k\u00f6nnen sogar bestimmte Schl\u00fcsselordner wie Desktop, Dokumente und Downloads automatisch <b>sichern<\/b> und synchronisieren. Um Ihnen v\u00f6llige Sicherheit zu geben, werden alle Ihre wichtigen Dateien im <b>Cloud<\/b>&#8211;<b>Speicher<\/b> gesichert und in mehreren Kopien gesichert.<\/p>\n<p>Im Zeitalter von fast allem Digitalen ist eine regelm\u00e4\u00dfige Sicherung Ihrer Daten unverzichtbar geworden! Aber was sind die Best Practices und was sind die besten L\u00f6sungen, um Ihre Daten zu speichern oder zu sch\u00fctzen?<\/p>\n<p>Warten Sie nicht, bis Ihre Daten nach einer falschen Manipulation, einem Hack, einem Virus oder einer Panne verschwinden: Speichern Sie sie! Daf\u00fcr stehen Ihnen mehrere L\u00f6sungen zur Verf\u00fcgung, von der externen Festplatte bis zur Speicherung \u201ein den Wolken\u201c.<\/p>\n<h2>Sichern Sie Ihre <b>Mac<\/b> und <b>Windows<\/b> <b>Daten<\/b> sicher.<\/h2>\n<p>Mit <b>Swiss Backup<\/b> k\u00f6nnen Sie Ihre Workstations, Server, virtuellen Maschinen, NAS und vieles mehr sorgenfrei im <b>sicheren<\/b> <b>Cloud in der Schweiz<\/b> sichern und wiederherstellen.<\/p>    <\/div>\n<\/div>\n<!-- \/module text --><!-- module text -->\n<div  class=\"module module-text tb_d8ln989   \" data-lazy=\"1\">\n        <div  class=\"tb_text_wrap\">\n        <h3>Wir bieten Ihnen folgende Dienstleistungen an:<\/h3>    <\/div>\n<\/div>\n<!-- \/module text --><!-- module text -->\n<div  class=\"module module-text tb_qnr7392 checklist  \" data-lazy=\"1\">\n        <div  class=\"tb_text_wrap\">\n        <ul>\n<li><a href=\"\/de\/unsere-it-und-web-dienstleistungen\/datensicherung-mac-und-windows\/\">Datensicherung vor Ort<\/a><\/li>\n<li><a href=\"\/de\/unsere-it-und-web-dienstleistungen\/datensicherung-mac-und-windows\/\">Datensicherung in der sicheren Cloud in der Schweiz<\/a><\/li>\n<li><a href=\"\/de\/unsere-it-und-web-dienstleistungen\/datensicherung-mac-und-windows\/\">Datenwiederherstellung<\/a><\/li>\n<li><a href=\"\/de\/unsere-it-und-web-dienstleistungen\/datensicherung-mac-und-windows\/\">Periodische \u00dcberpr\u00fcfung von Backups<\/a><\/li>\n<li>Sichern Sie Ihren Mac<\/li>\n<li>Sichern Sie Ihren Windows-PC<\/li>\n<li>Sichern Sie Ihren NAS-Server<\/li>\n<li>Schnelle und professionelle Antwort<\/li>\n<li>Garantierte Vertraulichkeit<\/li>\n<\/ul>    <\/div>\n<\/div>\n<!-- \/module text --><!-- module template_part -->\n<div  class=\"module module-layout-part tb_puco494 \">\n    <\/div>\n<!-- \/module template_part -->        <\/div>\n                        <\/div>\n        <\/div>\n        <\/div>\n<!--\/themify_builder_content-->\r\n<p>&nbsp;<\/p>","protected":false},"excerpt":{"rendered":"<p>Datensicherung Mac und Windowsmacwin.ch Mit welcher L\u00f6sung sollten Unternehmen ihre Mac und Windows-Dokumente und Datensicherungen archivieren? Network Attached Storage (NAS) und Cloud-Speicher haben zwei weit verbreitete Optionen. Wir bieten L\u00f6sungen mit Synology NAS an. Viele KMU haben ein IT-System, das sie im Laufe der Zeit aufgebaut haben. Eines Tages verlegten sie Ethernet-Kabel zu ihrem Standort, [&hellip;]<\/p>\n","protected":false},"author":3,"featured_media":0,"parent":29641,"menu_order":0,"comment_status":"closed","ping_status":"closed","template":"","meta":{"inline_featured_image":false,"footnotes":""},"class_list":["post-29678","page","type-page","status-publish","hentry","has-post-title","has-post-date","has-post-category","has-post-tag","has-post-comment","has-post-author",""],"_links":{"self":[{"href":"https:\/\/www.macwin.ch\/de\/wp-json\/wp\/v2\/pages\/29678","targetHints":{"allow":["GET"]}}],"collection":[{"href":"https:\/\/www.macwin.ch\/de\/wp-json\/wp\/v2\/pages"}],"about":[{"href":"https:\/\/www.macwin.ch\/de\/wp-json\/wp\/v2\/types\/page"}],"author":[{"embeddable":true,"href":"https:\/\/www.macwin.ch\/de\/wp-json\/wp\/v2\/users\/3"}],"replies":[{"embeddable":true,"href":"https:\/\/www.macwin.ch\/de\/wp-json\/wp\/v2\/comments?post=29678"}],"version-history":[{"count":9,"href":"https:\/\/www.macwin.ch\/de\/wp-json\/wp\/v2\/pages\/29678\/revisions"}],"predecessor-version":[{"id":30908,"href":"https:\/\/www.macwin.ch\/de\/wp-json\/wp\/v2\/pages\/29678\/revisions\/30908"}],"up":[{"embeddable":true,"href":"https:\/\/www.macwin.ch\/de\/wp-json\/wp\/v2\/pages\/29641"}],"wp:attachment":[{"href":"https:\/\/www.macwin.ch\/de\/wp-json\/wp\/v2\/media?parent=29678"}],"curies":[{"name":"wp","href":"https:\/\/api.w.org\/{rel}","templated":true}]}}