{"id":29662,"date":"2022-03-15T10:16:31","date_gmt":"2022-03-15T09:16:31","guid":{"rendered":"https:\/\/www4.macwin.ch\/unsere-it-und-web-dienstleistungen\/maintenance-informatique-mac-et-windows\/"},"modified":"2024-03-18T15:26:05","modified_gmt":"2024-03-18T14:26:05","slug":"computer-service-mac-und-windows","status":"publish","type":"page","link":"https:\/\/www.macwin.ch\/de\/unsere-it-und-web-dienstleistungen\/computer-service-mac-und-windows\/","title":{"rendered":"Computer Service Mac und Windows"},"content":{"rendered":"<!--themify_builder_content-->\n<div id=\"themify_builder_content-29662\" data-postid=\"29662\" class=\"themify_builder_content themify_builder_content-29662 themify_builder tf_clear\">\n                    <div  data-lazy=\"1\" class=\"module_row themify_builder_row tb_epya212 tb_first tf_w\">\n                        <div class=\"row_inner col_align_top tb_col_count_1 tf_box tf_rel\">\n                        <div  data-lazy=\"1\" class=\"module_column tb-column col-full tb_ttgb213 first\">\n                    <!-- module fancy heading -->\n<div  class=\"module module-fancy-heading tb_nsrt5  tb_gs29013622\" data-lazy=\"1\">\n        <h1 class=\"fancy-heading tf_textc\">\n    <span class=\"main-head tf_block\">\n                    Computer Service             <\/span>\n\n    \n    <span class=\"sub-head tf_block tf_rel\">\n                    Mac und Windows            <\/span>\n    <\/h1>\n<\/div>\n<!-- \/module fancy heading -->\n        <\/div>\n                        <\/div>\n        <\/div>\n                        <div  data-lazy=\"1\" class=\"module_row themify_builder_row tb_dbp9489 tf_w\">\n                        <div class=\"row_inner col_align_top tb_col_count_1 tf_box tf_rel\">\n                        <div  data-lazy=\"1\" class=\"module_column tb-column col-full tb_xvz0490 first\">\n                    <!-- module image -->\n<div  class=\"module module-image tb_n7nw485 image-center   tf_mw\" data-lazy=\"1\">\n        <div class=\"image-wrap tf_rel tf_mw\">\n            <img loading=\"lazy\" decoding=\"async\" src=\"https:\/\/www.macwin.ch\/wp-content\/uploads\/2022\/04\/Computer-Service-Mac-und-Windows-800x400.jpg\" width=\"800\" height=\"400\" class=\"wp-post-image wp-image-29665\" title=\"Computer-Service-Mac-und-Windows\" alt=\"Computer-Service-Mac-und-Windows\" srcset=\"https:\/\/www.macwin.ch\/wp-content\/uploads\/2022\/04\/Computer-Service-Mac-und-Windows.jpg 800w, https:\/\/www.macwin.ch\/wp-content\/uploads\/2022\/04\/Computer-Service-Mac-und-Windows-300x150.jpg 300w, https:\/\/www.macwin.ch\/wp-content\/uploads\/2022\/04\/Computer-Service-Mac-und-Windows-768x384.jpg 768w, https:\/\/www.macwin.ch\/wp-content\/uploads\/2022\/04\/Computer-Service-Mac-und-Windows-600x300.jpg 600w\" sizes=\"auto, (max-width: 800px) 100vw, 800px\" \/>    \n        <\/div>\n    <!-- \/image-wrap -->\n    \n        <\/div>\n<!-- \/module image -->        <\/div>\n                        <\/div>\n        <\/div>\n                        <div  data-lazy=\"1\" class=\"module_row themify_builder_row tb_gs29023622 tb_cbyr920 tf_w\">\n                        <div class=\"row_inner col_align_top tb_col_count_1 tf_box tf_rel\">\n                        <div  data-lazy=\"1\" class=\"module_column tb-column col-full tb_l9sg921 first\">\n                    <!-- module text -->\n<div  class=\"module module-text tb_cx5l903 checklist  \" data-lazy=\"1\">\n        <div  class=\"tb_text_wrap\">\n        <h2><span style=\"font-weight: 400;\">Der <\/span><b>Computer Service<\/b><span style=\"font-weight: 400;\"> erf\u00fcllt mehrere Ziele:<\/span><\/h2>\n<ul>\n<li><span style=\"font-weight: 400;\">Erhaltung der Leistung von Hard- und Software<\/span><\/li>\n<li><span style=\"font-weight: 400;\">Aktualisierung des Computersystems <\/span><\/li>\n<li><span style=\"font-weight: 400;\">Die Behebung von Problemen mit der Computerausr\u00fcstung<\/span><\/li>\n<\/ul>    <\/div>\n<\/div>\n<!-- \/module text --><!-- module text -->\n<div  class=\"module module-text tb_d8ln989   \" data-lazy=\"1\">\n        <div  class=\"tb_text_wrap\">\n        <h3 style=\"text-align: center;\">Wir bieten Ihnen einen effektiven Computer Service mit:<br \/>\n<\/h3>\n    <\/div>\n<\/div>\n<!-- \/module text -->        <div  data-lazy=\"1\" class=\"module_subrow themify_builder_sub_row tf_w col_align_top tb_col_count_3 tb_zrj6874\">\n                <div  data-lazy=\"1\" class=\"module_column sub_column col3-1 tb_1q46878 first\">\n                    <!-- module icon -->\n<div  class=\"module module-icon tb_c667319   none icon_vertical tf_textc tb_gs29068623\" data-lazy=\"1\">\n            <div class=\"module-icon-item\">\n                                                                <em class=\"tf_box\" style=\"color:#9b8032\"><svg  class=\"tf_fa tf-fas-search\" aria-hidden=\"true\"><use href=\"#tf-fas-search\"><\/use><\/svg><\/em>\n                                                                            <span>Vorbeugender <b>Computer Service<\/b><\/span>\n                                                            <\/div>\n    <\/div>\n<!-- \/module icon -->\n        <\/div>\n                    <div  data-lazy=\"1\" class=\"module_column sub_column col3-1 tb_ymdx879\">\n                    <!-- module icon -->\n<div  class=\"module module-icon tb_cinr921   none icon_vertical tf_textc tb_gs29068623\" data-lazy=\"1\">\n            <div class=\"module-icon-item\">\n                                                                <em class=\"tf_box\" style=\"color:#9b8032\"><svg  class=\"tf_fa tf-fas-gears\" aria-hidden=\"true\"><use href=\"#tf-fas-gears\"><\/use><\/svg><\/em>\n                                                                            <span>Korrektiver <b>Computer Service<\/b><\/span>\n                                                            <\/div>\n    <\/div>\n<!-- \/module icon -->\n        <\/div>\n                    <div  data-lazy=\"1\" class=\"module_column sub_column col3-1 tb_d1zc879 last\">\n                    <!-- module icon -->\n<div  class=\"module module-icon tb_36s1432   none icon_vertical tf_textc tb_gs29068623\" data-lazy=\"1\">\n            <div class=\"module-icon-item\">\n                                                                <em class=\"tf_box\" style=\"color:#9b8032\"><svg  class=\"tf_fa tf-fas-chart-line\" aria-hidden=\"true\"><use href=\"#tf-fas-chart-line\"><\/use><\/svg><\/em>\n                                                                            <span>Evolution\u00e4rer <b>Computer Service<\/b><\/span>\n                                                            <\/div>\n    <\/div>\n<!-- \/module icon -->\n        <\/div>\n                    <\/div>\n        <!-- module text -->\n<div  class=\"module module-text tb_5gs1723   \" data-lazy=\"1\">\n        <div  class=\"tb_text_wrap\">\n        <p>Der <b>vorbeugender<\/b> <b>Computer Service<\/b> zielt darauf ab, das Auftreten von Viren oder Computerproblemen zu verhindern, das System zu sichern und seine Effizienz zu verbessern. Um es zu implementieren, ist es unerl\u00e4sslich, den Computerpark durch die Kontrolle des Virenschutzes und der Firewall zu \u00fcberwachen, die Software zu aktualisieren, die Computer zu bereinigen und den verf\u00fcgbaren Speicherplatz auf den Servern und Arbeitsstationen zu kennen.<\/p>\n<p><b>Korrektiver<\/b> <b>Computer Service<\/b> erm\u00f6glicht es, Fehler, Computerabst\u00fcrze und Ausf\u00e4lle zu beheben.<\/p>\n<p>Der <b>evolution\u00e4rer<\/b> <b>Computer Service<\/b> artung erm\u00f6glicht es, immer an der Spitze des Fortschritts zu stehen und Computer, Drucker und Peripherieger\u00e4te der neuesten Generation zu verwenden, die auch mit neuen Technologien kompatibel sind.<\/p>\n<p>Wir bieten Computerreparaturdienste, Reparatur von Computern, Laptops, Druckern, Wartung, Heim-, Vor-Ort- und Remote-Dienste.<\/p>\n<h3 style=\"text-align: center;\">Wir bieten auch einen Fernwartungsservice als <b>Computer Service<\/b>.<\/h3>    <\/div>\n<\/div>\n<!-- \/module text --><!-- module buttons -->\n<div  class=\"module module-buttons tb_sm3z54 buttons-horizontal outline  large\" data-lazy=\"1\">\n        <div class=\"module-buttons-item tf_in_flx\">\n                        <a href=\"\/de\/fernwartung\/\" class=\"ui builder_button tf_in_flx tb_default_color\" >\n                                    <em><svg  class=\"tf_fa tf-fas-wrench\" aria-hidden=\"true\"><use href=\"#tf-fas-wrench\"><\/use><\/svg><\/em>                                        IT-Fernwartung                                        <\/a>\n                <\/div>\n            <\/div>\n<!-- \/module buttons -->\n<!-- module text -->\n<div  class=\"module module-text tb_5xon275   \" data-lazy=\"1\">\n        <div  class=\"tb_text_wrap\">\n        <p>Einfach, schnell und effizient, unsere <a href=\"\/de\/fernwartung\/\">Remote-Fehlerbehebung<\/a> ist bei Benutzern sehr beliebt.<\/p>\n<h3>Unsere Fehlersuche umfasst folgende Punkte:<\/h3>    <\/div>\n<\/div>\n<!-- \/module text --><!-- module text -->\n<div  class=\"module module-text tb_qnr7392 checklist  \" data-lazy=\"1\">\n        <div  class=\"tb_text_wrap\">\n        <ul>\n<li>Ferndiagnose<\/li>\n<li>Software installieren<\/li>\n<li>Aktualisieren<\/li>\n<li>Regelm\u00e4ssiger <strong>Computer Service<\/strong><\/li>\n<li>E-Mail-Einrichtung<\/li>\n<li>Browser-Reinigung<\/li>\n<li>usw&#8230;<\/li>\n<\/ul>    <\/div>\n<\/div>\n<!-- \/module text --><!-- module text -->\n<div  class=\"module module-text tb_acss152   \" data-lazy=\"1\">\n        <div  class=\"tb_text_wrap\">\n        <p>Unsere erfahrenen Techniker beheben sowohl <strong>Privatpersonen<\/strong> als auch <strong>Firmen<\/strong>.<\/p>    <\/div>\n<\/div>\n<!-- \/module text --><!-- module text -->\n<div  class=\"module module-text tb_04r4597   \" data-lazy=\"1\">\n        <div  class=\"tb_text_wrap\">\n        <p>Wenn Sie auf dieser Seite landen, besteht eine gute Chance, dass Sie eine Computerreparatur ben\u00f6tigen.<\/p>    <\/div>\n<\/div>\n<!-- \/module text --><!-- module text -->\n<div  class=\"module module-text tb_8pi7788    tb_gs29027622\" data-lazy=\"1\">\n        <div  class=\"tb_text_wrap\">\n        <p>Seit mehr als 30 Jahren reparieren wir unsere Kunden so schnell wie m\u00f6glich, wobei ihre Zufriedenheit die einzige Priorit\u00e4t ist!<\/p>    <\/div>\n<\/div>\n<!-- \/module text --><!-- module text -->\n<div  class=\"module module-text tb_en1f170   \" data-lazy=\"1\">\n        <div  class=\"tb_text_wrap\">\n        <h3>Wir bieten die Verwaltung Ihrer Computer Service an, einschlie\u00dflich der folgenden Aktivit\u00e4ten:<\/h3>    <\/div>\n<\/div>\n<!-- \/module text --><!-- module text -->\n<div  class=\"module module-text tb_w8e9964 checklist  \" data-lazy=\"1\">\n        <div  class=\"tb_text_wrap\">\n        <ul>\n<li><a href=\"\/de\/unsere-it-und-web-dienstleistungen\/datensicherung-mac-und-windows\/\">Datensicherung<\/a><\/li>\n<li><a href=\"\/de\/unsere-it-und-web-dienstleistungen\/it-sicherheit\/\">Netzwerkschutz und -kontrolle<\/a><\/li>\n<li><a href=\"\/de\/unsere-it-und-web-dienstleistungen\/computer-service-mac-und-windows\/\">Fern- oder Vor-Ort-Wartung<\/a><\/li>\n<li><a href=\"\/de\/fernwartung\/\">Mac und Windows-Fernwartung<\/a><\/li>\n<li><a href=\"\/de\/unsere-it-und-web-dienstleistungen\/computer-service-mac-und-windows\/\">Austausch defekter Ger\u00e4te<\/a><\/li>\n<li><a href=\"\/de\/mac-windows-pc-hardware-und-software\/\">Beratung f\u00fcr Benutzer<\/a><\/li>\n<li><a href=\"\/de\/mac-windows-pc-hardware-und-software\/\">Lieferung von Toner und Verbrauchsmaterialien<\/a><\/li>\n<li><a href=\"\/de\/unsere-it-und-web-dienstleistungen\/it-sicherheit\/\">Virenschutzpr\u00fcfung<\/a><\/li>\n<li><a href=\"\/de\/unsere-it-und-web-dienstleistungen\/datensicherung-mac-und-windows\/\">Backup-\u00dcberpr\u00fcfung<\/a><\/li>\n<li><a href=\"\/de\/unsere-it-und-web-dienstleistungen\/datensicherung-mac-und-windows\/\">Datenzur\u00fcckspielen<\/a><\/li>\n<li><a href=\"\/de\/unsere-it-und-web-dienstleistungen\/datenwiederherstellung\/\">Datenwiederherstellung<\/a><\/li>\n<li><a href=\"\/de\/unsere-it-und-web-dienstleistungen\/computer-service-mac-und-windows\/\">Computerdokumentation<\/a><\/li>\n<li><a href=\"\/de\/unsere-it-und-web-dienstleistungen\/computer-service-mac-und-windows\/\">Wiederherstellung verlorener Passw\u00f6rter<\/a><\/li>\n<li><a href=\"\/de\/unsere-it-und-web-dienstleistungen\/it-sicherheit\/\">Bereinigung von infizierten Macs und Windows-PCs<\/a><\/li>\n<\/ul>    <\/div>\n<\/div>\n<!-- \/module text --><!-- module template_part -->\n<div  class=\"module module-layout-part tb_q26w276 \">\n    <\/div>\n<!-- \/module template_part -->        <\/div>\n                        <\/div>\n        <\/div>\n        <\/div>\n<!--\/themify_builder_content-->","protected":false},"excerpt":{"rendered":"<p>Computer Service Mac und Windows Der Computer Service erf\u00fcllt mehrere Ziele: Erhaltung der Leistung von Hard- und Software Aktualisierung des Computersystems Die Behebung von Problemen mit der Computerausr\u00fcstung Wir bieten Ihnen einen effektiven Computer Service mit: Vorbeugender Computer Service Korrektiver Computer Service Evolution\u00e4rer Computer Service Der vorbeugender Computer Service zielt darauf ab, das Auftreten von [&hellip;]<\/p>\n","protected":false},"author":3,"featured_media":0,"parent":29641,"menu_order":0,"comment_status":"closed","ping_status":"closed","template":"","meta":{"inline_featured_image":false,"footnotes":""},"class_list":["post-29662","page","type-page","status-publish","hentry","has-post-title","has-post-date","has-post-category","has-post-tag","has-post-comment","has-post-author",""],"_links":{"self":[{"href":"https:\/\/www.macwin.ch\/de\/wp-json\/wp\/v2\/pages\/29662","targetHints":{"allow":["GET"]}}],"collection":[{"href":"https:\/\/www.macwin.ch\/de\/wp-json\/wp\/v2\/pages"}],"about":[{"href":"https:\/\/www.macwin.ch\/de\/wp-json\/wp\/v2\/types\/page"}],"author":[{"embeddable":true,"href":"https:\/\/www.macwin.ch\/de\/wp-json\/wp\/v2\/users\/3"}],"replies":[{"embeddable":true,"href":"https:\/\/www.macwin.ch\/de\/wp-json\/wp\/v2\/comments?post=29662"}],"version-history":[{"count":11,"href":"https:\/\/www.macwin.ch\/de\/wp-json\/wp\/v2\/pages\/29662\/revisions"}],"predecessor-version":[{"id":30971,"href":"https:\/\/www.macwin.ch\/de\/wp-json\/wp\/v2\/pages\/29662\/revisions\/30971"}],"up":[{"embeddable":true,"href":"https:\/\/www.macwin.ch\/de\/wp-json\/wp\/v2\/pages\/29641"}],"wp:attachment":[{"href":"https:\/\/www.macwin.ch\/de\/wp-json\/wp\/v2\/media?parent=29662"}],"curies":[{"name":"wp","href":"https:\/\/api.w.org\/{rel}","templated":true}]}}