{"id":29654,"date":"2022-03-15T09:45:39","date_gmt":"2022-03-15T08:45:39","guid":{"rendered":"https:\/\/www4.macwin.ch\/vente-materiel-logiciel\/"},"modified":"2025-09-22T09:09:32","modified_gmt":"2025-09-22T07:09:32","slug":"mac-windows-pc-hardware-und-software","status":"publish","type":"page","link":"https:\/\/www.macwin.ch\/de\/mac-windows-pc-hardware-und-software\/","title":{"rendered":"Mac Windows PC &#8211; Hardware und Software"},"content":{"rendered":"<!--themify_builder_content-->\n<div id=\"themify_builder_content-29654\" data-postid=\"29654\" class=\"themify_builder_content themify_builder_content-29654 themify_builder tf_clear\">\n                    <div  data-lazy=\"1\" class=\"module_row themify_builder_row tb_epya212 tb_first tf_w\">\n                        <div class=\"row_inner col_align_top tb_col_count_1 tf_box tf_rel\">\n                        <div  data-lazy=\"1\" class=\"module_column tb-column col-full tb_ttgb213 first\">\n                    <!-- module fancy heading -->\n<div  class=\"module module-fancy-heading tb_nsrt5  tb_gs29013622\" data-lazy=\"1\">\n        <h1 class=\"fancy-heading tf_textc\">\n    <span class=\"main-head tf_block\">\n                    Mac Windows PC            <\/span>\n\n    \n    <span class=\"sub-head tf_block tf_rel\">\n                    Hardware und Software            <\/span>\n    <\/h1>\n<\/div>\n<!-- \/module fancy heading -->\n        <\/div>\n                        <\/div>\n        <\/div>\n                        <div  data-lazy=\"1\" class=\"module_row themify_builder_row tb_dbp9489 tf_w\">\n                        <div class=\"row_inner col_align_top tb_col_count_1 tf_box tf_rel\">\n                        <div  data-lazy=\"1\" class=\"module_column tb-column col-full tb_xvz0490 first\">\n                    <!-- module image -->\n<div  class=\"module module-image tb_n7nw485 image-center   tf_mw\" data-lazy=\"1\">\n        <div class=\"image-wrap tf_rel tf_mw\">\n            <img loading=\"lazy\" decoding=\"async\" src=\"https:\/\/www.macwin.ch\/wp-content\/uploads\/2022\/04\/Verkauf-von-Mac-et-Windows-Hardware-und-Software-800x400.jpg\" width=\"800\" height=\"400\" class=\"wp-post-image wp-image-29657\" title=\"Verkauf-von-Mac-et-Windows-Hardware-und-Software\" alt=\"Verkauf-von-Mac-et-Windows-Hardware-und-Software\" srcset=\"https:\/\/www.macwin.ch\/wp-content\/uploads\/2022\/04\/Verkauf-von-Mac-et-Windows-Hardware-und-Software.jpg 800w, https:\/\/www.macwin.ch\/wp-content\/uploads\/2022\/04\/Verkauf-von-Mac-et-Windows-Hardware-und-Software-300x150.jpg 300w, https:\/\/www.macwin.ch\/wp-content\/uploads\/2022\/04\/Verkauf-von-Mac-et-Windows-Hardware-und-Software-768x384.jpg 768w, https:\/\/www.macwin.ch\/wp-content\/uploads\/2022\/04\/Verkauf-von-Mac-et-Windows-Hardware-und-Software-600x300.jpg 600w\" sizes=\"auto, (max-width: 800px) 100vw, 800px\" \/>    \n        <\/div>\n    <!-- \/image-wrap -->\n    \n        <\/div>\n<!-- \/module image -->        <\/div>\n                        <\/div>\n        <\/div>\n                        <div  data-lazy=\"1\" class=\"module_row themify_builder_row tb_gs29023622 tb_cbyr920 tf_w\">\n                        <div class=\"row_inner col_align_top tb_col_count_1 tf_box tf_rel\">\n                        <div  data-lazy=\"1\" class=\"module_column tb-column col-full tb_l9sg921 first\">\n                    <!-- module text -->\n<div  class=\"module module-text tb_cx5l903   \" data-lazy=\"1\">\n        <div  class=\"tb_text_wrap\">\n        <p>Unser technisches und kaufm\u00e4nnisches Team ist seit 1990 auf den Verkauf von <b>Mac<\/b> und <b>Windows<\/b> <b>PC<\/b> und -dienstleistungen spezialisiert und kann Sie beraten und Ihnen eine an Ihre Bed\u00fcrfnisse angepasste Computerl\u00f6sung anbieten.<\/p>\n<p><span style=\"font-weight: bold;\">Wir liefern nach Hause und ins B\u00fcro.<br><\/span><\/p>\n<h2>PC oder Mac ?<\/h2>\n<p>Die Wahl zwischen einem <b>Windows<\/b>-Laptop und einem <b>MacBook<\/b> oder einem <b>iMac<\/b>, die Wahl ist nicht immer einfach! Wir helfen Ihnen, den Computer zu finden, den Sie brauchen.<\/p>\n<p>Ewige Frage beim Kauf eines Laptops: <b>Windows<\/b> <b>PC oder Mac<\/b>? Was sind die Vorteile dieser beiden Arten von Computern? F\u00fcr welche Zwecke?<\/p>    <\/div>\n<\/div>\n<!-- \/module text --><!-- module text -->\n<div  class=\"module module-text tb_d8ln989   \" data-lazy=\"1\">\n        <div  class=\"tb_text_wrap\">\n        <p>Bugs, Verz\u00f6gerungen, endlose Updates, Viren, Unterbrechungen ohne Grund; Vielleicht ist es an der Zeit, einen <b>Mac<\/b> anstelle eines <b>Windows PCs<\/b> <b>zu kaufen<\/b>!<\/p>\n    <\/div>\n<\/div>\n<!-- \/module text --><!-- module text -->\n<div  class=\"module module-text tb_ib6t707    tb_gs29027622\" data-lazy=\"1\">\n        <div  class=\"tb_text_wrap\">\n        <p>Unsere Firma <a href=\"\/de\/\">macwin.ch<\/a> bietet Ihnen eine <strong>individuelle<\/strong>, auf Ihre Bed\u00fcrfnisse abgestimmte <strong>Beratung<\/strong>.<\/p>    <\/div>\n<\/div>\n<!-- \/module text --><!-- module text -->\n<div  class=\"module module-text tb_5gs1723   \" data-lazy=\"1\">\n        <div  class=\"tb_text_wrap\">\n        <p>Wir liefern und installieren <b>Mac<\/b> und <b>Windows<\/b> <b>PC <\/b>mit <b>Zubeh\u00f6r, Software, Lizenzen, HP Multifunktions-Farblaserdrucker, Toner, Malwarebytes-Antivirus, Fortinet-Firewall, Synology-NAS-Server, APC-USV, FileMaker-Datenbank<\/b> usw.<\/p>    <\/div>\n<\/div>\n<!-- \/module text --><!-- module text -->\n<div  class=\"module module-text tb_r0ic716   \" data-lazy=\"1\">\n        <div  class=\"tb_text_wrap\">\n        <p>Auf unseren Seiten \u201e<strong>Anibis<\/strong>\u201c und \u201e<strong>Tutti<\/strong>\u201c verkaufen wir regelm\u00e4\u00dfig <strong>Occasion-Produkte<\/strong>.<\/p>    <\/div>\n<\/div>\n<!-- \/module text --><!-- module buttons -->\n<div  class=\"module module-buttons tb_3iba217 buttons-horizontal solid   tb_gs29055623\" data-lazy=\"1\">\n        <div class=\"module-buttons-item tf_in_flx\">\n                        <a href=\"https:\/\/www.anibis.ch\/de\/seller?id=2537573390020514495\" class=\"ui builder_button tf_in_flx brown\" target=\"_blank\" rel=\"noopener\">\n                                                Anibis                                        <\/a>\n                <\/div>\n                    <div class=\"module-buttons-item tf_in_flx\">\n                        <a href=\"https:\/\/www.tutti.ch\/de\/seller?id=8577352442823255477\" class=\"ui builder_button tf_in_flx yellow\" target=\"_blank\" rel=\"noopener\">\n                                                Tutti                                        <\/a>\n                <\/div>\n            <\/div>\n<!-- \/module buttons -->\n<!-- module text -->\n<div  class=\"module module-text tb_5xon275   \" data-lazy=\"1\">\n        <div  class=\"tb_text_wrap\">\n        <p>Alle <b>Mac<\/b> und <b>Windows<\/b> <b>PC<\/b> werden <b>in betrieb gekommen, gepr\u00fcft, konfiguriert und an Sie ausgeliefert<\/b>.<\/p>\n<p>Wir <b>\u00fcbertragen Daten von Ihrem alten Computer auf den neuen<\/b>.<\/p>    <\/div>\n<\/div>\n<!-- \/module text --><!-- module text -->\n<div  class=\"module module-text tb_acss152 checklist  \" data-lazy=\"1\">\n        <div  class=\"tb_text_wrap\">\n        <ul>\n<li>M\u00f6chten Sie sich mit einer <b>APC-USV (Batterie)<\/b> ausstatten, um Ihre IT-Anlagen <b>vor<\/b> <b>Stromausf\u00e4llen<\/b> <b>zu sch\u00fctzen<\/b> und so Unterbrechungen zu vermeiden, die Ihre Arbeit st\u00f6ren?<\/li>\n<li>Sie ben\u00f6tigen einen <b>Drucker<\/b>, einen <b>Scanner<\/b>, einen <b>Kopierer<\/b>, <b>All-in-One<\/b>, <b>Multifunktionsger\u00e4t<\/b>, in <b>Farblaserdruckversion<\/b>, anschlie\u00dfbar an <b>WLAN<\/b> und <b>AirPrint<\/b>-kompatibel, dann beraten wir Sie mit <b>HP MFP-Ger\u00e4ten<\/b> und liefern Ihnen auch <b>Toner<\/b>.<\/li>\n<li>Sie m\u00f6chten Ihre <b>Rechnungen<\/b> mit dem <b>BVR-Code<\/b> oder dem <b>QR-Code<\/b> bezahlen? Dann liefern und installieren wir einen <b>QR-Code-Leser<\/b> f\u00fcr Ihren Computer.<\/li>\n<\/ul>    <\/div>\n<\/div>\n<!-- \/module text --><!-- module text -->\n<div  class=\"module module-text tb_sv33291   \" data-lazy=\"1\">\n        <div  class=\"tb_text_wrap\">\n        <h3>Wir bringen Ihnen schl\u00fcsselfertige L\u00f6sungen.<\/h3>\n<p>Die Ger\u00e4te werden <b>geliefert, installiert und Ihnen die Dokumentation ausgeh\u00e4ndigt<\/b>.<\/p>\n<p>Wir h\u00f6ren Ihnen zu und <b>passen uns mit unseren IT-L\u00f6sungen wie Laptops, Mac-Rechnern, Desktop-Rechnern, Apple-Rechnern, HP-Rechnern, Mac-Rechnern, Zubeh\u00f6r und Software Ihren W\u00fcnschen an<\/b>.<\/p>\n<p>Wir bieten <b>Backup-Software wie ChronoSync, Retrospect, Acronis Backup, Carbon Copy Cloner, SuperDuper, TimeMachine<\/b>.<\/p>\n<p>Ben\u00f6tigen Sie eine <b>FileMaker-Datenbank? Wir entwickeln f\u00fcr Sie eine L\u00f6sung auf Basis von FileMaker Pro, FileMaker Server und FileMaker Go<\/b>.<\/p>    <\/div>\n<\/div>\n<!-- \/module text -->        <\/div>\n                        <\/div>\n        <\/div>\n        <\/div>\n<!--\/themify_builder_content-->\r\n<p><\/p>","protected":false},"excerpt":{"rendered":"","protected":false},"author":3,"featured_media":0,"parent":0,"menu_order":0,"comment_status":"closed","ping_status":"closed","template":"","meta":{"inline_featured_image":false,"footnotes":""},"class_list":["post-29654","page","type-page","status-publish","hentry","has-post-title","has-post-date","has-post-category","has-post-tag","has-post-comment","has-post-author",""],"_links":{"self":[{"href":"https:\/\/www.macwin.ch\/de\/wp-json\/wp\/v2\/pages\/29654","targetHints":{"allow":["GET"]}}],"collection":[{"href":"https:\/\/www.macwin.ch\/de\/wp-json\/wp\/v2\/pages"}],"about":[{"href":"https:\/\/www.macwin.ch\/de\/wp-json\/wp\/v2\/types\/page"}],"author":[{"embeddable":true,"href":"https:\/\/www.macwin.ch\/de\/wp-json\/wp\/v2\/users\/3"}],"replies":[{"embeddable":true,"href":"https:\/\/www.macwin.ch\/de\/wp-json\/wp\/v2\/comments?post=29654"}],"version-history":[{"count":14,"href":"https:\/\/www.macwin.ch\/de\/wp-json\/wp\/v2\/pages\/29654\/revisions"}],"predecessor-version":[{"id":31222,"href":"https:\/\/www.macwin.ch\/de\/wp-json\/wp\/v2\/pages\/29654\/revisions\/31222"}],"wp:attachment":[{"href":"https:\/\/www.macwin.ch\/de\/wp-json\/wp\/v2\/media?parent=29654"}],"curies":[{"name":"wp","href":"https:\/\/api.w.org\/{rel}","templated":true}]}}