{"id":29633,"date":"2022-03-29T11:18:50","date_gmt":"2022-03-29T09:18:50","guid":{"rendered":"https:\/\/www4.macwin.ch\/web-it-solutions\/"},"modified":"2026-02-04T11:19:08","modified_gmt":"2026-02-04T10:19:08","slug":"web-it-solutions","status":"publish","type":"page","link":"https:\/\/www.macwin.ch\/de\/","title":{"rendered":"IT-L\u00f6sungen"},"content":{"rendered":"<!--themify_builder_content-->\n<div id=\"themify_builder_content-29633\" data-postid=\"29633\" class=\"themify_builder_content themify_builder_content-29633 themify_builder tf_clear\">\n                    <div  data-anchor=\"uber\" data-lazy=\"1\" class=\"module_row themify_builder_row tb_has_section tb_section-uber tb_x40s248 tb_first tf_w\">\n                        <div class=\"row_inner col_align_middle tb_col_count_3 tf_box tf_rel\">\n                        <div  data-lazy=\"1\" class=\"module_column tb-column col4-1 tb_f5p8249 first\">\n                    <!-- module image -->\n<div  class=\"module module-image tb_3yg9231 image-center   tf_mw hide-tablet hide-mobile\" data-lazy=\"1\">\n        <div class=\"image-wrap tf_rel tf_mw\">\n            <img decoding=\"async\" src=\"https:\/\/www.macwin.ch\/wp-content\/uploads\/2022\/03\/symbole-logo-macwin.svg\" class=\"wp-post-image wp-image-29044\" title=\"symbole-logo-macwin\" alt=\"Philippe Villoz - macwin.ch\">    \n        <\/div>\n    <!-- \/image-wrap -->\n    \n        <\/div>\n<!-- \/module image -->        <\/div>\n                    <div  data-lazy=\"1\" class=\"module_column tb-column col4-2 tb_3lkh236\">\n                    <!-- module fancy heading -->\n<div  class=\"module module-fancy-heading tb_9a39991  tb_gs29013622\" data-lazy=\"1\">\n        <h1 class=\"fancy-heading tf_textc\">\n    <span class=\"main-head tf_block\">\n                    IT-L\u00f6sungen            <\/span>\n\n    \n    <span class=\"sub-head tf_block tf_rel\">\n                    Wallis in der Schweiz            <\/span>\n    <\/h1>\n<\/div>\n<!-- \/module fancy heading -->\n<!-- module text -->\n<div  class=\"module module-text tb_g1kp196   \" data-lazy=\"1\">\n        <div  class=\"tb_text_wrap\">\n        <p style=\"text-align: center;\"><a href=\"\/\"><strong>macwin.ch<\/strong><\/a> bietet Ihnen <strong>IT-L\u00f6sungen<\/strong> <br>in der Schweiz im Wallis.<\/p>\n<p style=\"text-align: center;\">\ud83d\udc49 Offizieller Distributor f\u00fcr alle <a href=\"https:\/\/aveni.shop\/de\/\" target=\"_blank\" rel=\"noopener\"><strong>HARMONISATOREN von AVENI.SHOP<\/strong><\/a> weltweit.<\/p>\n<p style=\"text-align: center;\">\ud83d\udc49 <a href=\"https:\/\/www.daslebenistwunderbar.com\" target=\"_blank\" rel=\"noopener\"><strong>www.DasLebenIstWunderbar.com<\/strong><\/a><\/p>    <\/div>\n<\/div>\n<!-- \/module text -->        <\/div>\n                    <div  data-lazy=\"1\" class=\"module_column tb-column col4-1 tb_3wgs236 last\">\n                    <!-- module image -->\n<div  class=\"module module-image tb_zmas552 image-center   tf_mw\" data-lazy=\"1\">\n        <div class=\"image-wrap tf_rel tf_mw\">\n            <img decoding=\"async\" src=\"https:\/\/www.macwin.ch\/wp-content\/uploads\/2022\/03\/symbole-logo-macwin.svg\" class=\"wp-post-image wp-image-29044\" title=\"symbole-logo-macwin\" alt=\"Philippe Villoz - macwin.ch\">    \n        <\/div>\n    <!-- \/image-wrap -->\n    \n        <\/div>\n<!-- \/module image -->        <\/div>\n                        <\/div>\n        <\/div>\n                        <div  data-lazy=\"1\" class=\"module_row themify_builder_row tb_gs29023622 tb_80t7990 tf_w\">\n                        <div class=\"row_inner col_align_top tb_col_count_1 tf_box tf_rel\">\n                        <div  data-lazy=\"1\" class=\"module_column tb-column col-full tb_k6ax993 first\">\n                    <!-- module text -->\n<div  class=\"module module-text tb_wh7j993   \" data-lazy=\"1\">\n        <div  class=\"tb_text_wrap\">\n        <h2>MACWIN auf dem Punkt gebracht:<\/h2>    <\/div>\n<\/div>\n<!-- \/module text --><!-- module text -->\n<div  class=\"module module-text tb_irgy993   \" data-lazy=\"1\">\n        <div  class=\"tb_text_wrap\">\n        <ul>\n<li><b> Macwin <\/b>hilft Ihnen, <b>Ihre Leidenschaft zu leben mit IT L\u00f6sungen.<\/b><\/li>\n<li><b> Macwin <\/b>hat als oberstes Ziel: Mehr <b>Harmonie zwischen Mensch und Computer<\/b><\/li>\n<li><b> Macwin m\u00f6gt Ihre Kunden, <\/b>ob <b>Firma <\/b>oder<b> Einzelnutzer, Mac <\/b>oder<b> Windows<\/b><\/li>\n<li><b> Macwin erleichtert und vereinfacht Ihre Informatik-Leben. <\/b>Mit L\u00f6sungen, Support, Beratung und Ger\u00e4ten \u2013 was immer Sie brauchen.<\/li>\n<li><b> Macwin <\/b>stellt Ihnen sowohl die Computerausr\u00fcstung (<b>Hardware<\/b>) als auch die Software (<b>Software<\/b>) zur Verf\u00fcgung, um Ihre <b>Lebensmissionen<\/b> auszuf\u00fchren.<\/li>\n<li><b> Mit Macwin <\/b>k\u00f6nnen Sie die<b> L\u00f6sung <\/b>w\u00e4hlen, die<b> am besten zu Ihnen passt<\/b>.<\/li>\n<li><b> Macwin ist ein Team, <\/b>das Ihnen gerne zuh\u00f6rt und sich besonders freut \u00fcber das zufriedene L\u00e4cheln, das unsere Dienste auf Ihr Gesicht zaubern.<\/li>\n<li><b> Macwin bringt <\/b>ein<b> breites und umfassendes Service-Angebot, <\/b>mit transparenten Tarifen.<\/li>\n<li><b> Macwin \u2013 damit der Computer f\u00fcr Sie da <\/b>ist und nicht umgekehrt.<\/li>\n<li><b> Macwin <\/b>programmiert f\u00fcr Sie<b> eAusbildung, Shop und Newsletter<\/b>.<\/li>\n<li><b> Macwin <\/b>erm\u00f6glicht es Ihnen, sich mit einer an Ihre <b>Bed\u00fcrfnisse angepassten Technologie <\/b>von \u00c4ngsten und Zweifeln zu befreien.<\/li>\n<li><b> Macwin <\/b>f\u00fchrt Sie nicht nur auf der IT-Ebene, sondern auch auf der Ebene der<b> pers\u00f6nlichen Entwicklung<\/b>.<\/li>\n<li><b> Macwin begleitet Sie <\/b>vertrauensvoll und weise bei der Verwirklichung<b> Ihrer Lebensziele<\/b>.<\/li>\n<li><b> Mit Macwin <\/b>k\u00f6nnen Sie all Ihre Fragen vergessen und<b> einfache und effektive L\u00f6sungen finden<\/b>.<\/li>\n<li><b> Macwin <\/b>hilft Ihnen bei den Aktivit\u00e4ten, die Ihnen<b> Freude <\/b>bereiten<b>, zur richtigen Zeit <\/b>und<b> in perfekter Abstimmung mit dem Universum.<\/b>.<\/li>\n<\/ul>    <\/div>\n<\/div>\n<!-- \/module text --><!-- module text -->\n<div  class=\"module module-text tb_hq5w993    tb_gs29027622\" data-lazy=\"1\">\n        <div  class=\"tb_text_wrap\">\n        <p>&#8211; Vertrauen Sie Ihrer inneren Intelligenz (<b>highware<\/b>)!<\/p>\n<p>&#8211; M\u00f6ge <b>Ihre Entwicklung mit Respekt f\u00fcr alle<\/b> erfolgen.<\/p>\n<p>&#8211; Warum <b>Ihr Leben<\/b> zu verschwenden, um zu verdienen?\u00a0<\/p>\n<p>&#8211; Trete ein in die <b>Multidimensionalit\u00e4t<\/b> und werde ein <b>verk\u00f6rpertes leuchtendes Wesen<\/b>.<\/p>    <\/div>\n<\/div>\n<!-- \/module text -->        <div  data-lazy=\"1\" class=\"module_subrow themify_builder_sub_row tf_w col_align_top tb_col_count_1 tb_2eyi158\">\n                <div  data-lazy=\"1\" class=\"module_column sub_column col-full tb_33tx159 first\">\n                            <\/div>\n                    <\/div>\n                <\/div>\n                        <\/div>\n        <\/div>\n                        <div  data-lazy=\"1\" class=\"module_row themify_builder_row tb_gs29023622 tb_vhbf753 tf_w\">\n                        <div class=\"row_inner col_align_top tb_col_count_1 tf_box tf_rel\">\n                        <div  data-lazy=\"1\" class=\"module_column tb-column col-full tb_5p2s754 first\">\n                    <!-- module text -->\n<div  class=\"module module-text tb_68xk755   \" data-lazy=\"1\">\n        <div  class=\"tb_text_wrap\">\n        <h3>Unsere Erfolgsfaktoren<\/h3>    <\/div>\n<\/div>\n<!-- \/module text --><!-- module text -->\n<div  class=\"module module-text tb_kkkl755 checklist  \" data-lazy=\"1\">\n        <div  class=\"tb_text_wrap\">\n        <ul>\n<li>Mehr als <b>30 Jahre Erfahrung<\/b> und immer am <b>Puls des Fortschritts<\/b>!<\/li>\n<li>Eine <b>zuh\u00f6rende<\/b> und unvoreingenommene <b>Analyse<\/b><\/li>\n<li>Passionierte Experten mit hoher\u00a0<b>Kompetenz<\/b><\/li>\n<li>\u00dcberdurchschnittlich <b>schnell und\u00a0zuverl\u00e4ssig<\/b><\/li>\n<li>Zweckm\u00e4ssige und <b>einfache IT L\u00f6sungen<\/b><\/li>\n<li>Unerreichte Support-<b>Qualit\u00e4t<\/b><\/li>\n<li>Eine <b>Begleitung<\/b> in Ihren bewussten inneren <b>Entwicklung<\/b><\/li>\n<li>Der <b>Kunden-Zufriedenheit<\/b> verpflichtet<\/li>\n<li>Wir bedienen Sie in <b>Franz\u00f6sisch<\/b>, <b>Deutsch<\/b>, <b>Schweizerdeutsch<\/b> und <b>Englisch<\/b><\/li>\n<\/ul>    <\/div>\n<\/div>\n<!-- \/module text --><!-- module text -->\n<div  class=\"module module-text tb_5fmq755   \" data-lazy=\"1\">\n        <div  class=\"tb_text_wrap\">\n        <h4>Herzlich willkommen in der macwin IT-Welt!<br \/>\n<\/h4>\n    <\/div>\n<\/div>\n<!-- \/module text -->        <\/div>\n                        <\/div>\n        <\/div>\n                        <div  data-lazy=\"1\" class=\"module_row themify_builder_row tb_gs29023622 tb_igb9217 tf_w\">\n                        <div class=\"row_inner col_align_top tb_col_count_2 tf_box tf_rel\">\n                        <div  data-lazy=\"1\" class=\"module_column tb-column col4-2 tb_xv5a218 first\">\n                    <!-- module text -->\n<div  class=\"module module-text tb_6seu332   \" data-lazy=\"1\">\n        <div  class=\"tb_text_wrap\">\n        <h2>Unsere IT und Web Dienstleistungen<\/h2>    <\/div>\n<\/div>\n<!-- \/module text --><!-- module text -->\n<div  class=\"module module-text tb_wm1c944   \" data-lazy=\"1\">\n        <div  class=\"tb_text_wrap\">\n        <p>Wir sind seit \u00fcber 30 Jahren f\u00fcr Sie da!<\/p>    <\/div>\n<\/div>\n<!-- \/module text --><!-- module buttons -->\n<div  class=\"module module-buttons tb_vus7978 buttons-horizontal solid  large\" data-lazy=\"1\">\n        <div class=\"module-buttons-item tf_in_flx\">\n                        <a href=\"\/de\/unsere-it-und-web-dienstleistungen\/\" class=\"ui builder_button tf_in_flx brown\" >\n                                                Konsultieren Sie unsere Dienstleistungen                                        <\/a>\n                <\/div>\n            <\/div>\n<!-- \/module buttons -->\n        <\/div>\n                    <div  data-lazy=\"1\" class=\"module_column tb-column col4-2 tb_epos218 last\">\n                    <!-- module image -->\n<div  class=\"module module-image tb_6e2793 image-center   tf_mw\" data-lazy=\"1\">\n        <div class=\"image-wrap tf_rel tf_mw\">\n            <img loading=\"lazy\" decoding=\"async\" width=\"800\" height=\"533\" src=\"https:\/\/www.macwin.ch\/wp-content\/uploads\/2022\/04\/Die-Dienstleistungen-von-macwin.ch_.jpg\" class=\"wp-post-image wp-image-29649\" title=\"Die-Dienstleistungen-von-macwin.ch\" alt=\"Die-Dienstleistungen-von-macwin.ch\" srcset=\"https:\/\/www.macwin.ch\/wp-content\/uploads\/2022\/04\/Die-Dienstleistungen-von-macwin.ch_.jpg 800w, https:\/\/www.macwin.ch\/wp-content\/uploads\/2022\/04\/Die-Dienstleistungen-von-macwin.ch_-300x200.jpg 300w, https:\/\/www.macwin.ch\/wp-content\/uploads\/2022\/04\/Die-Dienstleistungen-von-macwin.ch_-768x512.jpg 768w, https:\/\/www.macwin.ch\/wp-content\/uploads\/2022\/04\/Die-Dienstleistungen-von-macwin.ch_-600x400.jpg 600w\" sizes=\"auto, (max-width: 800px) 100vw, 800px\" \/>    \n        <\/div>\n    <!-- \/image-wrap -->\n    \n        <\/div>\n<!-- \/module image -->        <\/div>\n                        <\/div>\n        <\/div>\n                        <div  data-lazy=\"1\" class=\"module_row themify_builder_row tb_gs29023622 tb_2ofk493 tf_w\">\n                        <div class=\"row_inner col_align_top tb_col_count_1 tf_box tf_rel\">\n                        <div  data-lazy=\"1\" class=\"module_column tb-column col-full tb_1uv0494 first\">\n                    <!-- module text -->\n<div  class=\"module module-text tb_eetl629   \" data-lazy=\"1\">\n        <div  class=\"tb_text_wrap\">\n        <h2 style=\"text-align: center;\">Aktualit\u00e4t<\/h2>\n    <\/div>\n<\/div>\n<!-- \/module text --><!-- module post -->\n<div  class=\"module module-post tb_fgu1508 \">\n    <div  class=\"builder-posts-wrap loops-wrapper grid3 masonry boxed tf_rel tf_clear tf_clearfix\" data-lazy=\"1\">\n    <article id=\"post-31188\" class=\"post tf_clearfix post-31188 type-post status-publish format-standard has-post-thumbnail hentry category-mac-windows-hardware-und-software has-post-title no-post-date has-post-category has-post-tag has-post-comment has-post-author \">\n\t    \n\t                <figure class=\"post-image tf_clearfix\">\n                                                            <a href=\"https:\/\/www.macwin.ch\/de\/apple-bringt-seine-iphone-nutzer-mit-seinen-updates-in-gefahr\/\">\n                                        <img loading=\"lazy\" decoding=\"async\" src=\"https:\/\/www.macwin.ch\/wp-content\/uploads\/2025\/08\/apple-iphone-danger-600x400.png\" width=\"600\" height=\"400\" class=\"wp-post-image wp-image-31199\" title=\"apple-iphone-danger\" alt=\"apple-iphone-danger\">                                                                    <\/a>\n                                                                <\/figure>\n                    \t<div class=\"post-content\">\n\t\t<div class=\"post-content-inner\">\n\n\t\t\t\n\t\t\t<h3 class=\"post-title entry-title\"><a href=\"https:\/\/www.macwin.ch\/de\/apple-bringt-seine-iphone-nutzer-mit-seinen-updates-in-gefahr\/\">Apple bringt seine iPhone-Nutzer mit seinen Updates in Gefahr<\/a><\/h3>\n\t\t\t\n\t\t\t\n\t\t\t        <div class=\"entry-content\">\n\n        \n            <p>\u26a0\ufe0f Warnung an alle Nutzer Bevor Sie ein Update Ihres iPhones akzeptieren, \u00fcberlegen Sie sich gut die m\u00f6glichen Konsequenzen. Stellen [&hellip;]<\/p>\n\n                \n                    <div class=\"more-link-wrap\"><a href=\"https:\/\/www.macwin.ch\/de\/apple-bringt-seine-iphone-nutzer-mit-seinen-updates-in-gefahr\/\" class=\"more-link\">Lire la suite<\/a><\/div>\n\n            \n            \n        <\/div><!-- \/.entry-content -->\n        \n\t\t<\/div>\n\t\t<!-- \/.post-content-inner -->\n\t<\/div>\n\t<!-- \/.post-content -->\n\t\n<\/article>\n<!-- \/.post -->\n<article id=\"post-30610\" class=\"post tf_clearfix post-30610 type-post status-publish format-standard has-post-thumbnail hentry category-datensicherung category-cybersicherheit has-post-title no-post-date has-post-category has-post-tag has-post-comment has-post-author \">\n\t    \n\t                <figure class=\"post-image tf_clearfix\">\n                                                            <a href=\"https:\/\/www.macwin.ch\/de\/cloud-apps-koennen-sie-im-falle-eines-hack-fehlers-weiterarbeiten\/\">\n                                        <img loading=\"lazy\" decoding=\"async\" src=\"https:\/\/www.macwin.ch\/wp-content\/uploads\/2022\/11\/cloud-600x400.png\" width=\"600\" height=\"400\" class=\"wp-post-image wp-image-30616\" title=\"cloud\" alt=\"S\u00e9curit\u00e9 informatique - macwin.ch\">                                                                    <\/a>\n                                                                <\/figure>\n                    \t<div class=\"post-content\">\n\t\t<div class=\"post-content-inner\">\n\n\t\t\t\n\t\t\t<h3 class=\"post-title entry-title\"><a href=\"https:\/\/www.macwin.ch\/de\/cloud-apps-koennen-sie-im-falle-eines-hack-fehlers-weiterarbeiten\/\">Cloud-Apps? K\u00f6nnen Sie im Falle eines Hack-Fehlers weiterarbeiten?<\/a><\/h3>\n\t\t\t\n\t\t\t\n\t\t\t        <div class=\"entry-content\">\n\n        \n            <p>Immer mehr Softwareanbieter ZWINGEN Sie dazu, in die Cloud zu wechseln, um ihre Anwendungen zu nutzen, obwohl die lokale Nutzung [&hellip;]<\/p>\n\n                \n                    <div class=\"more-link-wrap\"><a href=\"https:\/\/www.macwin.ch\/de\/cloud-apps-koennen-sie-im-falle-eines-hack-fehlers-weiterarbeiten\/\" class=\"more-link\">Lire la suite<\/a><\/div>\n\n            \n            \n        <\/div><!-- \/.entry-content -->\n        \n\t\t<\/div>\n\t\t<!-- \/.post-content-inner -->\n\t<\/div>\n\t<!-- \/.post-content -->\n\t\n<\/article>\n<!-- \/.post -->\n<article id=\"post-30124\" class=\"post tf_clearfix post-30124 type-post status-publish format-standard has-post-thumbnail hentry category-datensicherung has-post-title no-post-date has-post-category has-post-tag has-post-comment has-post-author \">\n\t    \n\t                <figure class=\"post-image tf_clearfix\">\n                                                            <a href=\"https:\/\/www.macwin.ch\/de\/wie-sichern-sie-ihre-daten\/\">\n                                        <img loading=\"lazy\" decoding=\"async\" src=\"https:\/\/www.macwin.ch\/wp-content\/uploads\/2022\/03\/sauvegarde-des-donnees-locale-et-cloud-600x400.jpg\" width=\"600\" height=\"400\" class=\"wp-post-image wp-image-29087\" title=\"sauvegarde-des-donnees-locale-et-cloud\" alt=\"sauvegarde-des-donnees-locale-et-cloud\" srcset=\"https:\/\/www.macwin.ch\/wp-content\/uploads\/2022\/03\/sauvegarde-des-donnees-locale-et-cloud-600x400.jpg 600w, https:\/\/www.macwin.ch\/wp-content\/uploads\/2022\/03\/sauvegarde-des-donnees-locale-et-cloud-300x200.jpg 300w, https:\/\/www.macwin.ch\/wp-content\/uploads\/2022\/03\/sauvegarde-des-donnees-locale-et-cloud-768x512.jpg 768w, https:\/\/www.macwin.ch\/wp-content\/uploads\/2022\/03\/sauvegarde-des-donnees-locale-et-cloud.jpg 800w\" sizes=\"auto, (max-width: 600px) 100vw, 600px\" \/>                                                                    <\/a>\n                                                                <\/figure>\n                    \t<div class=\"post-content\">\n\t\t<div class=\"post-content-inner\">\n\n\t\t\t\n\t\t\t<h3 class=\"post-title entry-title\"><a href=\"https:\/\/www.macwin.ch\/de\/wie-sichern-sie-ihre-daten\/\">Wie sichern Sie Ihre Daten?<\/a><\/h3>\n\t\t\t\n\t\t\t\n\t\t\t        <div class=\"entry-content\">\n\n        \n            <p>Warum sollten Sie Ihre Daten sichern? Wenn Sie schon einmal Opfer von Datenverlust geworden sind, wissen Sie, wie viel Spa\u00df [&hellip;]<\/p>\n\n                \n                    <div class=\"more-link-wrap\"><a href=\"https:\/\/www.macwin.ch\/de\/wie-sichern-sie-ihre-daten\/\" class=\"more-link\">Lire la suite<\/a><\/div>\n\n            \n            \n        <\/div><!-- \/.entry-content -->\n        \n\t\t<\/div>\n\t\t<!-- \/.post-content-inner -->\n\t<\/div>\n\t<!-- \/.post-content -->\n\t\n<\/article>\n<!-- \/.post -->\n    <\/div><!-- .builder-posts-wrap -->\n            <\/div>\n<!-- \/module post -->\n    <!-- module buttons -->\n<div  class=\"module module-buttons tb_7qyv249 buttons-horizontal outline  \" data-lazy=\"1\">\n        <div class=\"module-buttons-item tf_in_flx\">\n                        <a href=\"\/de\/blog\/\" class=\"ui builder_button tf_in_flx brown\" >\n                                                Alle Neuigkeiten                                        <\/a>\n                <\/div>\n            <\/div>\n<!-- \/module buttons -->\n        <\/div>\n                        <\/div>\n        <\/div>\n        <\/div>\n<!--\/themify_builder_content-->\r\n\r\n<p><\/p>","protected":false},"excerpt":{"rendered":"","protected":false},"author":3,"featured_media":0,"parent":0,"menu_order":0,"comment_status":"closed","ping_status":"closed","template":"","meta":{"inline_featured_image":false,"footnotes":""},"class_list":["post-29633","page","type-page","status-publish","hentry","has-post-title","has-post-date","has-post-category","has-post-tag","has-post-comment","has-post-author",""],"_links":{"self":[{"href":"https:\/\/www.macwin.ch\/de\/wp-json\/wp\/v2\/pages\/29633","targetHints":{"allow":["GET"]}}],"collection":[{"href":"https:\/\/www.macwin.ch\/de\/wp-json\/wp\/v2\/pages"}],"about":[{"href":"https:\/\/www.macwin.ch\/de\/wp-json\/wp\/v2\/types\/page"}],"author":[{"embeddable":true,"href":"https:\/\/www.macwin.ch\/de\/wp-json\/wp\/v2\/users\/3"}],"replies":[{"embeddable":true,"href":"https:\/\/www.macwin.ch\/de\/wp-json\/wp\/v2\/comments?post=29633"}],"version-history":[{"count":33,"href":"https:\/\/www.macwin.ch\/de\/wp-json\/wp\/v2\/pages\/29633\/revisions"}],"predecessor-version":[{"id":31292,"href":"https:\/\/www.macwin.ch\/de\/wp-json\/wp\/v2\/pages\/29633\/revisions\/31292"}],"wp:attachment":[{"href":"https:\/\/www.macwin.ch\/de\/wp-json\/wp\/v2\/media?parent=29633"}],"curies":[{"name":"wp","href":"https:\/\/api.w.org\/{rel}","templated":true}]}}